{"id":6833,"date":"2022-03-18T12:44:00","date_gmt":"2022-03-18T10:44:00","guid":{"rendered":"https:\/\/dgtpcc.md\/?page_id=6833"},"modified":"2022-11-24T13:46:34","modified_gmt":"2022-11-24T11:46:34","slug":"iluminat","status":"publish","type":"page","link":"https:\/\/dgtpcc.md\/?page_id=6833","title":{"rendered":"Iluminat"},"content":{"rendered":"\t\t<div data-elementor-type=\"wp-page\" data-elementor-id=\"6833\" class=\"elementor elementor-6833\">\n\t\t\t\t\t\t<section class=\"elementor-section elementor-top-section elementor-element elementor-element-9751805 elementor-section-boxed elementor-section-height-default elementor-section-height-default default-style\" data-id=\"9751805\" data-element_type=\"section\" data-e-type=\"section\" data-settings=\"{&quot;rt_color_sets&quot;:&quot;default-style&quot;}\">\n\t\t\t\t\t\t<div class=\"elementor-container elementor-column-gap-default\">\n\t\t\t\t\t<div class=\"elementor-column elementor-col-100 elementor-top-column elementor-element elementor-element-5d2862b\" data-id=\"5d2862b\" data-element_type=\"column\" data-e-type=\"column\">\n\t\t\t<div class=\"elementor-widget-wrap elementor-element-populated\">\n\t\t\t\t\t\t<div class=\"elementor-element elementor-element-5dd325a elementor-widget elementor-widget-rt-blog\" data-id=\"5dd325a\" data-element_type=\"widget\" data-e-type=\"widget\" data-widget_type=\"rt-blog.default\">\n\t\t\t\t<div class=\"elementor-widget-container\">\n\t\t\t\t\t\n<div id=\"blog-dynamicID-986953\" class=\"blog_list clearfix fixed_heights\" data-column-width=\"2\">\n<div class=\"row clearfix\">\n<article id=\"7887\" class=\"col col-sm-6 post-7887 post type-post status-publish format-standard has-post-thumbnail hentry category-comunicate category-iluminat\"><div class=\"post-content-wrapper\">\n \n\n<!-- blog box-->\n\t\t\t\t<figure class=\"featured_image featured_media\">\n\t\t\t<a href=\"https:\/\/dgtpcc.md\/?p=7887\" title=\"Lucr\u0103ri de modernizare a iluminatului public \u00een municipiul  Chi\u0219in\u0103u\" class=\"imgeffect link featured_image\"><img fetchpriority=\"high\" decoding=\"async\" src=\"https:\/\/dgtpcc.md\/wp-content\/uploads\/2022\/08\/iluminat-610x350.jpg\" alt=\"\" class=\"\" width=\"610\" height=\"350\" \/><\/a>\t\t\n\t\t<\/figure> \n\t\t\n\t<a href=\"https:\/\/dgtpcc.md\/?p=7887\" title=\"Lucr\u0103ri de modernizare a iluminatului public \u00een municipiul  Chi\u0219in\u0103u\" class=\"post-date\">10 august 2022<\/a>\t\t\t\t\n\n\t<div class=\"entry-content text\">\n\n\t\t<!-- blog headline-->\n\t\t<h5 class=\"entry-title\"><a href=\"https:\/\/dgtpcc.md\/?p=7887\" rel=\"bookmark\">Lucr\u0103ri de modernizare a iluminatului public \u00een municipiul  Chi\u0219in\u0103u<\/a><\/h5> \n\n\t\t\n\t\t<p>Mai multe str\u0103zi din capital\u0103 au fost supuse \u00een anul curent ac\u021biunilor de modernizare sau reconstruc...<\/p>\t<\/div> \n\n\t<div class=\"entry-footer\">\n\n\t\t<a href=\"https:\/\/dgtpcc.md\/?p=7887\" class=\"read_more\">Continue reading<\/a>\n\t<\/div>\n\n<!-- \/ blog box-->\n<\/div><\/article>\n<\/div>\n<\/div>\n\t\t\t\t<\/div>\n\t\t\t\t<\/div>\n\t\t\t\t\t<\/div>\n\t\t<\/div>\n\t\t\t\t\t<\/div>\n\t\t<\/section>\n\t\t\t\t<\/div>\n\t\t","protected":false},"excerpt":{"rendered":"<p>10 august 2022 Lucr\u0103ri de modernizare a iluminatului public \u00een municipiul Chi\u0219in\u0103u Mai multe str\u0103zi din capital\u0103 au fost supuse \u00een anul curent ac\u021biunilor de modernizare sau reconstruc&#8230; Continue reading<\/p>\n","protected":false},"author":1,"featured_media":0,"parent":0,"menu_order":0,"comment_status":"closed","ping_status":"closed","template":"","meta":{"footnotes":""},"class_list":["post-6833","page","type-page","status-publish","hentry"],"yoast_head":"<!-- This site is optimized with the Yoast SEO plugin v27.5 - https:\/\/yoast.com\/product\/yoast-seo-wordpress\/ -->\n<title>Iluminat - dgtpcc.md<\/title>\n<meta name=\"robots\" content=\"index, follow, max-snippet:-1, max-image-preview:large, max-video-preview:-1\" \/>\n<link rel=\"canonical\" href=\"https:\/\/dgtpcc.md\/?page_id=6833\" \/>\n<meta property=\"og:locale\" content=\"ro_RO\" \/>\n<meta property=\"og:type\" content=\"article\" \/>\n<meta property=\"og:title\" content=\"Iluminat - dgtpcc.md\" \/>\n<meta property=\"og:description\" content=\"10 august 2022 Lucr\u0103ri de modernizare a iluminatului public \u00een municipiul Chi\u0219in\u0103u Mai multe str\u0103zi din capital\u0103 au fost supuse \u00een anul curent ac\u021biunilor de modernizare sau reconstruc&#8230; Continue reading\" \/>\n<meta property=\"og:url\" content=\"https:\/\/dgtpcc.md\/?page_id=6833\" \/>\n<meta property=\"og:site_name\" content=\"dgtpcc.md\" \/>\n<meta property=\"article:publisher\" content=\"https:\/\/www.facebook.com\/DGTPCC\" \/>\n<meta property=\"article:modified_time\" content=\"2022-11-24T11:46:34+00:00\" \/>\n<meta property=\"og:image\" content=\"https:\/\/mobilitatechisinau.md\/wp-content\/uploads\/2022\/08\/iluminat-610x350.jpg\" \/>\n<meta name=\"twitter:card\" content=\"summary_large_image\" \/>\n<meta name=\"twitter:label1\" content=\"Timp estimat pentru citire\" \/>\n\t<meta name=\"twitter:data1\" content=\"2 minute\" \/>\n<script type=\"application\/ld+json\" class=\"yoast-schema-graph\">{\"@context\":\"https:\\\/\\\/schema.org\",\"@graph\":[{\"@type\":\"WebPage\",\"@id\":\"https:\\\/\\\/dgtpcc.md\\\/?page_id=6833\",\"url\":\"https:\\\/\\\/dgtpcc.md\\\/?page_id=6833\",\"name\":\"Iluminat - dgtpcc.md\",\"isPartOf\":{\"@id\":\"https:\\\/\\\/dgtpcc.md\\\/#website\"},\"primaryImageOfPage\":{\"@id\":\"https:\\\/\\\/dgtpcc.md\\\/?page_id=6833#primaryimage\"},\"image\":{\"@id\":\"https:\\\/\\\/dgtpcc.md\\\/?page_id=6833#primaryimage\"},\"thumbnailUrl\":\"https:\\\/\\\/mobilitatechisinau.md\\\/wp-content\\\/uploads\\\/2022\\\/08\\\/iluminat-610x350.jpg\",\"datePublished\":\"2022-03-18T10:44:00+00:00\",\"dateModified\":\"2022-11-24T11:46:34+00:00\",\"breadcrumb\":{\"@id\":\"https:\\\/\\\/dgtpcc.md\\\/?page_id=6833#breadcrumb\"},\"inLanguage\":\"ro-RO\",\"potentialAction\":[{\"@type\":\"ReadAction\",\"target\":[\"https:\\\/\\\/dgtpcc.md\\\/?page_id=6833\"]}]},{\"@type\":\"ImageObject\",\"inLanguage\":\"ro-RO\",\"@id\":\"https:\\\/\\\/dgtpcc.md\\\/?page_id=6833#primaryimage\",\"url\":\"https:\\\/\\\/mobilitatechisinau.md\\\/wp-content\\\/uploads\\\/2022\\\/08\\\/iluminat-610x350.jpg\",\"contentUrl\":\"https:\\\/\\\/mobilitatechisinau.md\\\/wp-content\\\/uploads\\\/2022\\\/08\\\/iluminat-610x350.jpg\"},{\"@type\":\"BreadcrumbList\",\"@id\":\"https:\\\/\\\/dgtpcc.md\\\/?page_id=6833#breadcrumb\",\"itemListElement\":[{\"@type\":\"ListItem\",\"position\":1,\"name\":\"Prima pagin\u0103\",\"item\":\"https:\\\/\\\/dgtpcc.md\\\/\"},{\"@type\":\"ListItem\",\"position\":2,\"name\":\"Iluminat\"}]},{\"@type\":\"WebSite\",\"@id\":\"https:\\\/\\\/dgtpcc.md\\\/#website\",\"url\":\"https:\\\/\\\/dgtpcc.md\\\/\",\"name\":\"dgtpcc.md\",\"description\":\"Direc\u0163ia general\u0103 transport public \u015fi c\u0103i de comunica\u0163ie\",\"publisher\":{\"@id\":\"https:\\\/\\\/dgtpcc.md\\\/#organization\"},\"potentialAction\":[{\"@type\":\"SearchAction\",\"target\":{\"@type\":\"EntryPoint\",\"urlTemplate\":\"https:\\\/\\\/dgtpcc.md\\\/?s={search_term_string}\"},\"query-input\":{\"@type\":\"PropertyValueSpecification\",\"valueRequired\":true,\"valueName\":\"search_term_string\"}}],\"inLanguage\":\"ro-RO\"},{\"@type\":\"Organization\",\"@id\":\"https:\\\/\\\/dgtpcc.md\\\/#organization\",\"name\":\"Direc\u0163ia general\u0103 transport public \u015fi c\u0103i de comunica\u0163ie\",\"url\":\"https:\\\/\\\/dgtpcc.md\\\/\",\"logo\":{\"@type\":\"ImageObject\",\"inLanguage\":\"ro-RO\",\"@id\":\"https:\\\/\\\/dgtpcc.md\\\/#\\\/schema\\\/logo\\\/image\\\/\",\"url\":\"https:\\\/\\\/dgtpcc.md\\\/wp-content\\\/uploads\\\/2022\\\/05\\\/DGTPCC-Chis\u0326ina\u0306u-new.jpg\",\"contentUrl\":\"https:\\\/\\\/dgtpcc.md\\\/wp-content\\\/uploads\\\/2022\\\/05\\\/DGTPCC-Chis\u0326ina\u0306u-new.jpg\",\"width\":304,\"height\":80,\"caption\":\"Direc\u0163ia general\u0103 transport public \u015fi c\u0103i de comunica\u0163ie\"},\"image\":{\"@id\":\"https:\\\/\\\/dgtpcc.md\\\/#\\\/schema\\\/logo\\\/image\\\/\"},\"sameAs\":[\"https:\\\/\\\/www.facebook.com\\\/DGTPCC\"]}]}<\/script>\n<!-- \/ Yoast SEO plugin. -->","yoast_head_json":{"title":"Iluminat - dgtpcc.md","robots":{"index":"index","follow":"follow","max-snippet":"max-snippet:-1","max-image-preview":"max-image-preview:large","max-video-preview":"max-video-preview:-1"},"canonical":"https:\/\/dgtpcc.md\/?page_id=6833","og_locale":"ro_RO","og_type":"article","og_title":"Iluminat - dgtpcc.md","og_description":"10 august 2022 Lucr\u0103ri de modernizare a iluminatului public \u00een municipiul Chi\u0219in\u0103u Mai multe str\u0103zi din capital\u0103 au fost supuse \u00een anul curent ac\u021biunilor de modernizare sau reconstruc&#8230; Continue reading","og_url":"https:\/\/dgtpcc.md\/?page_id=6833","og_site_name":"dgtpcc.md","article_publisher":"https:\/\/www.facebook.com\/DGTPCC","article_modified_time":"2022-11-24T11:46:34+00:00","og_image":[{"url":"https:\/\/mobilitatechisinau.md\/wp-content\/uploads\/2022\/08\/iluminat-610x350.jpg","type":"","width":"","height":""}],"twitter_card":"summary_large_image","twitter_misc":{"Timp estimat pentru citire":"2 minute"},"schema":{"@context":"https:\/\/schema.org","@graph":[{"@type":"WebPage","@id":"https:\/\/dgtpcc.md\/?page_id=6833","url":"https:\/\/dgtpcc.md\/?page_id=6833","name":"Iluminat - dgtpcc.md","isPartOf":{"@id":"https:\/\/dgtpcc.md\/#website"},"primaryImageOfPage":{"@id":"https:\/\/dgtpcc.md\/?page_id=6833#primaryimage"},"image":{"@id":"https:\/\/dgtpcc.md\/?page_id=6833#primaryimage"},"thumbnailUrl":"https:\/\/mobilitatechisinau.md\/wp-content\/uploads\/2022\/08\/iluminat-610x350.jpg","datePublished":"2022-03-18T10:44:00+00:00","dateModified":"2022-11-24T11:46:34+00:00","breadcrumb":{"@id":"https:\/\/dgtpcc.md\/?page_id=6833#breadcrumb"},"inLanguage":"ro-RO","potentialAction":[{"@type":"ReadAction","target":["https:\/\/dgtpcc.md\/?page_id=6833"]}]},{"@type":"ImageObject","inLanguage":"ro-RO","@id":"https:\/\/dgtpcc.md\/?page_id=6833#primaryimage","url":"https:\/\/mobilitatechisinau.md\/wp-content\/uploads\/2022\/08\/iluminat-610x350.jpg","contentUrl":"https:\/\/mobilitatechisinau.md\/wp-content\/uploads\/2022\/08\/iluminat-610x350.jpg"},{"@type":"BreadcrumbList","@id":"https:\/\/dgtpcc.md\/?page_id=6833#breadcrumb","itemListElement":[{"@type":"ListItem","position":1,"name":"Prima pagin\u0103","item":"https:\/\/dgtpcc.md\/"},{"@type":"ListItem","position":2,"name":"Iluminat"}]},{"@type":"WebSite","@id":"https:\/\/dgtpcc.md\/#website","url":"https:\/\/dgtpcc.md\/","name":"dgtpcc.md","description":"Direc\u0163ia general\u0103 transport public \u015fi c\u0103i de comunica\u0163ie","publisher":{"@id":"https:\/\/dgtpcc.md\/#organization"},"potentialAction":[{"@type":"SearchAction","target":{"@type":"EntryPoint","urlTemplate":"https:\/\/dgtpcc.md\/?s={search_term_string}"},"query-input":{"@type":"PropertyValueSpecification","valueRequired":true,"valueName":"search_term_string"}}],"inLanguage":"ro-RO"},{"@type":"Organization","@id":"https:\/\/dgtpcc.md\/#organization","name":"Direc\u0163ia general\u0103 transport public \u015fi c\u0103i de comunica\u0163ie","url":"https:\/\/dgtpcc.md\/","logo":{"@type":"ImageObject","inLanguage":"ro-RO","@id":"https:\/\/dgtpcc.md\/#\/schema\/logo\/image\/","url":"https:\/\/dgtpcc.md\/wp-content\/uploads\/2022\/05\/DGTPCC-Chis\u0326ina\u0306u-new.jpg","contentUrl":"https:\/\/dgtpcc.md\/wp-content\/uploads\/2022\/05\/DGTPCC-Chis\u0326ina\u0306u-new.jpg","width":304,"height":80,"caption":"Direc\u0163ia general\u0103 transport public \u015fi c\u0103i de comunica\u0163ie"},"image":{"@id":"https:\/\/dgtpcc.md\/#\/schema\/logo\/image\/"},"sameAs":["https:\/\/www.facebook.com\/DGTPCC"]}]}},"_links":{"self":[{"href":"https:\/\/dgtpcc.md\/index.php?rest_route=\/wp\/v2\/pages\/6833","targetHints":{"allow":["GET"]}}],"collection":[{"href":"https:\/\/dgtpcc.md\/index.php?rest_route=\/wp\/v2\/pages"}],"about":[{"href":"https:\/\/dgtpcc.md\/index.php?rest_route=\/wp\/v2\/types\/page"}],"author":[{"embeddable":true,"href":"https:\/\/dgtpcc.md\/index.php?rest_route=\/wp\/v2\/users\/1"}],"replies":[{"embeddable":true,"href":"https:\/\/dgtpcc.md\/index.php?rest_route=%2Fwp%2Fv2%2Fcomments&post=6833"}],"version-history":[{"count":10,"href":"https:\/\/dgtpcc.md\/index.php?rest_route=\/wp\/v2\/pages\/6833\/revisions"}],"predecessor-version":[{"id":8476,"href":"https:\/\/dgtpcc.md\/index.php?rest_route=\/wp\/v2\/pages\/6833\/revisions\/8476"}],"wp:attachment":[{"href":"https:\/\/dgtpcc.md\/index.php?rest_route=%2Fwp%2Fv2%2Fmedia&parent=6833"}],"curies":[{"name":"wp","href":"https:\/\/api.w.org\/{rel}","templated":true}]}}