{"id":6818,"date":"2022-03-18T12:37:36","date_gmt":"2022-03-18T10:37:36","guid":{"rendered":"https:\/\/dgtpcc.md\/?page_id=6818"},"modified":"2022-11-24T10:16:28","modified_gmt":"2022-11-24T08:16:28","slug":"modernizarea-parcurilor-pua-si-rtec","status":"publish","type":"page","link":"https:\/\/dgtpcc.md\/?page_id=6818","title":{"rendered":"Modernizarea parcurilor PUA \u0219i RTEC"},"content":{"rendered":"\t\t<div data-elementor-type=\"wp-page\" data-elementor-id=\"6818\" class=\"elementor elementor-6818\">\n\t\t\t\t\t\t<section class=\"elementor-section elementor-top-section elementor-element elementor-element-68187ce elementor-section-boxed elementor-section-height-default elementor-section-height-default default-style\" data-id=\"68187ce\" data-element_type=\"section\" data-e-type=\"section\" data-settings=\"{&quot;rt_color_sets&quot;:&quot;default-style&quot;}\">\n\t\t\t\t\t\t<div class=\"elementor-container elementor-column-gap-default\">\n\t\t\t\t\t<div class=\"elementor-column elementor-col-100 elementor-top-column elementor-element elementor-element-ca61308\" data-id=\"ca61308\" data-element_type=\"column\" data-e-type=\"column\">\n\t\t\t<div class=\"elementor-widget-wrap elementor-element-populated\">\n\t\t\t\t\t\t<div class=\"elementor-element elementor-element-a8fe6d2 elementor-widget-divider--view-line elementor-widget elementor-widget-divider\" data-id=\"a8fe6d2\" data-element_type=\"widget\" data-e-type=\"widget\" data-widget_type=\"divider.default\">\n\t\t\t\t<div class=\"elementor-widget-container\">\n\t\t\t\t\t\t\t<div class=\"elementor-divider\">\n\t\t\t<span class=\"elementor-divider-separator\">\n\t\t\t\t\t\t<\/span>\n\t\t<\/div>\n\t\t\t\t\t\t<\/div>\n\t\t\t\t<\/div>\n\t\t\t\t<div class=\"elementor-element elementor-element-52a3e5a elementor-widget elementor-widget-rt-blog\" data-id=\"52a3e5a\" data-element_type=\"widget\" data-e-type=\"widget\" data-widget_type=\"rt-blog.default\">\n\t\t\t\t<div class=\"elementor-widget-container\">\n\t\t\t\t\t\n<div id=\"blog-dynamicID-590244\" class=\"blog_list clearfix fixed_heights\" data-column-width=\"2\">\n<div class=\"row clearfix\">\n<article id=\"8199\" class=\"col col-sm-6 post-8199 post type-post status-publish format-standard has-post-thumbnail hentry category-comunicate category-modernizarea-puartec\"><div class=\"post-content-wrapper\">\n \n\n<!-- blog box-->\n\t\t\t\t<figure class=\"featured_image featured_media\">\n\t\t\t<a href=\"https:\/\/dgtpcc.md\/?p=8199\" title=\"Noi achizi\u021bii pentru parcurile urbane de autobuze \u0219i troleibuze\" class=\"imgeffect link featured_image\"><img fetchpriority=\"high\" decoding=\"async\" src=\"https:\/\/dgtpcc.md\/wp-content\/uploads\/2022\/09\/noi-achizitii-610x350.jpg\" alt=\"\" class=\"\" width=\"610\" height=\"350\" \/><\/a>\t\t\n\t\t<\/figure> \n\t\t\n\t<a href=\"https:\/\/dgtpcc.md\/?p=8199\" title=\"Noi achizi\u021bii pentru parcurile urbane de autobuze \u0219i troleibuze\" class=\"post-date\">19 septembrie 2022<\/a>\t\t\t\t\n\n\t<div class=\"entry-content text\">\n\n\t\t<!-- blog headline-->\n\t\t<h5 class=\"entry-title\"><a href=\"https:\/\/dgtpcc.md\/?p=8199\" rel=\"bookmark\">Noi achizi\u021bii pentru parcurile urbane de autobuze \u0219i troleibuze<\/a><\/h5> \n\n\t\t\n\t\t<p>Un nou lot de autobuze va fi procurat \u00een anul curent pentru completarea Parcului Urban de Autobuze (...<\/p>\t<\/div> \n\n\t<div class=\"entry-footer\">\n\n\t\t<a href=\"https:\/\/dgtpcc.md\/?p=8199\" class=\"read_more\">Continue reading<\/a>\n\t<\/div>\n\n<!-- \/ blog box-->\n<\/div><\/article>\n<article id=\"7616\" class=\"col col-sm-6 post-7616 post type-post status-publish format-standard has-post-thumbnail hentry category-comunicate category-modernizarea-puartec category-slide\"><div class=\"post-content-wrapper\">\n \n\n<!-- blog box-->\n\t\t\t\t<figure class=\"featured_image featured_media\">\n\t\t\t<a href=\"https:\/\/dgtpcc.md\/?p=7616\" title=\"Investi\u021bii importante \u00een transportul public al Capitalei\" class=\"imgeffect link featured_image\"><img decoding=\"async\" src=\"https:\/\/dgtpcc.md\/wp-content\/uploads\/2022\/06\/90041F4C-7828-4CB9-9BA1-726DB2C886F4-610x346.jpeg\" alt=\"\" class=\"\" width=\"610\" height=\"346\" \/><\/a>\t\t\n\t\t<\/figure> \n\t\t\n\t<a href=\"https:\/\/dgtpcc.md\/?p=7616\" title=\"Investi\u021bii importante \u00een transportul public al Capitalei\" class=\"post-date\">23 iunie 2022<\/a>\t\t\t\t\n\n\t<div class=\"entry-content text\">\n\n\t\t<!-- blog headline-->\n\t\t<h5 class=\"entry-title\"><a href=\"https:\/\/dgtpcc.md\/?p=7616\" rel=\"bookmark\">Investi\u021bii importante \u00een transportul public al Capitalei<\/a><\/h5> \n\n\t\t\n\t\t<p>Transportul public al municipiului Chi\u0219in\u0103u a c\u0103p\u0103tat o nou\u0103 fa\u021b\u0103, \u00een ultimii c\u00e2\u021biva ani. Pentru a s...<\/p>\t<\/div> \n\n\t<div class=\"entry-footer\">\n\n\t\t<a href=\"https:\/\/dgtpcc.md\/?p=7616\" class=\"read_more\">Continue reading<\/a>\n\t<\/div>\n\n<!-- \/ blog box-->\n<\/div><\/article>\n<\/div>\n<div class=\"row clearfix\">\n<article id=\"6473\" class=\"col col-sm-6 post-6473 post type-post status-publish format-gallery has-post-thumbnail hentry category-comunicate category-galerie-foto category-modernizarea-puartec post_format-post-format-gallery\"><div class=\"post-content-wrapper\">\n \n\n\n\n<!-- blog box-->\n\n\t\t<figure class=\"featured_image featured_media\">\n\t\t<a href=\"https:\/\/dgtpcc.md\/?p=6473\" title=\"Condi\u021bii decente de munc\u0103 pentru angaja\u021bii Parcului Urban de Autobuze\" class=\"imgeffect gallery\"><img decoding=\"async\" src=\"https:\/\/dgtpcc.md\/wp-content\/uploads\/2022\/03\/conditii-mai-bune-610x350.jpg\" alt=\"\" class=\"\" width=\"610\" height=\"350\" \/><\/a>\t\t\n\t<\/figure> \n\t\n\t \n\n\t<a href=\"https:\/\/dgtpcc.md\/?p=6473\" title=\"Condi\u021bii decente de munc\u0103 pentru angaja\u021bii Parcului Urban de Autobuze\" class=\"post-date\">15 octombrie 2021<\/a>\t\t\t\t\n\n\t<div class=\"entry-content text\">\n\n\t\t<!-- blog headline-->\n\t\t<h5 class=\"entry-title\"><a href=\"https:\/\/dgtpcc.md\/?p=6473\" rel=\"bookmark\">Condi\u021bii decente de munc\u0103 pentru angaja\u021bii Parcului Urban de Autobuze<\/a><\/h5> \n\n\t\t\n\t\t<p>\u00centreprinderea Municipal\u0103 \u201eParcul Urban de Autobuze\u201d (PUA) a trecut printr-un amplu proces de modern...<\/p>\t<\/div> \n\n\t<div class=\"entry-footer\">\n\n\t\t<a href=\"https:\/\/dgtpcc.md\/?p=6473\" class=\"read_more\">Continue reading<\/a>\n\t<\/div>\n\n<!-- \/ blog box--><\/div><\/article>\n<\/div>\n<\/div>\n\t\t\t\t<\/div>\n\t\t\t\t<\/div>\n\t\t\t\t\t<\/div>\n\t\t<\/div>\n\t\t\t\t\t<\/div>\n\t\t<\/section>\n\t\t\t\t<\/div>\n\t\t","protected":false},"excerpt":{"rendered":"<p>19 septembrie 2022 Noi achizi\u021bii pentru parcurile urbane de autobuze \u0219i troleibuze Un nou lot de autobuze va fi procurat \u00een anul curent pentru completarea Parcului Urban de Autobuze (&#8230; Continue reading 23 iunie 2022 Investi\u021bii importante \u00een transportul public al Capitalei Transportul public al municipiului Chi\u0219in\u0103u a c\u0103p\u0103tat o nou\u0103 fa\u021b\u0103, \u00een ultimii c\u00e2\u021biva [&hellip;]<\/p>\n","protected":false},"author":1,"featured_media":0,"parent":0,"menu_order":0,"comment_status":"closed","ping_status":"closed","template":"","meta":{"footnotes":""},"class_list":["post-6818","page","type-page","status-publish","hentry"],"yoast_head":"<!-- This site is optimized with the Yoast SEO plugin v27.5 - https:\/\/yoast.com\/product\/yoast-seo-wordpress\/ -->\n<title>Modernizarea parcurilor PUA \u0219i RTEC - dgtpcc.md<\/title>\n<meta name=\"robots\" content=\"index, follow, max-snippet:-1, max-image-preview:large, max-video-preview:-1\" \/>\n<link rel=\"canonical\" href=\"https:\/\/dgtpcc.md\/?page_id=6818\" \/>\n<meta property=\"og:locale\" content=\"ro_RO\" \/>\n<meta property=\"og:type\" content=\"article\" \/>\n<meta property=\"og:title\" content=\"Modernizarea parcurilor PUA \u0219i RTEC - dgtpcc.md\" \/>\n<meta property=\"og:description\" content=\"19 septembrie 2022 Noi achizi\u021bii pentru parcurile urbane de autobuze \u0219i troleibuze Un nou lot de autobuze va fi procurat \u00een anul curent pentru completarea Parcului Urban de Autobuze (&#8230; Continue reading 23 iunie 2022 Investi\u021bii importante \u00een transportul public al Capitalei Transportul public al municipiului Chi\u0219in\u0103u a c\u0103p\u0103tat o nou\u0103 fa\u021b\u0103, \u00een ultimii c\u00e2\u021biva [&hellip;]\" \/>\n<meta property=\"og:url\" content=\"https:\/\/dgtpcc.md\/?page_id=6818\" \/>\n<meta property=\"og:site_name\" content=\"dgtpcc.md\" \/>\n<meta property=\"article:publisher\" content=\"https:\/\/www.facebook.com\/DGTPCC\" \/>\n<meta property=\"article:modified_time\" content=\"2022-11-24T08:16:28+00:00\" \/>\n<meta property=\"og:image\" content=\"https:\/\/mobilitatechisinau.md\/wp-content\/uploads\/2022\/09\/noi-achizitii-610x350.jpg\" \/>\n<meta name=\"twitter:card\" content=\"summary_large_image\" \/>\n<meta name=\"twitter:label1\" content=\"Timp estimat pentru citire\" \/>\n\t<meta name=\"twitter:data1\" content=\"2 minute\" \/>\n<script type=\"application\/ld+json\" class=\"yoast-schema-graph\">{\"@context\":\"https:\\\/\\\/schema.org\",\"@graph\":[{\"@type\":\"WebPage\",\"@id\":\"https:\\\/\\\/dgtpcc.md\\\/?page_id=6818\",\"url\":\"https:\\\/\\\/dgtpcc.md\\\/?page_id=6818\",\"name\":\"Modernizarea parcurilor PUA \u0219i RTEC - dgtpcc.md\",\"isPartOf\":{\"@id\":\"https:\\\/\\\/dgtpcc.md\\\/#website\"},\"primaryImageOfPage\":{\"@id\":\"https:\\\/\\\/dgtpcc.md\\\/?page_id=6818#primaryimage\"},\"image\":{\"@id\":\"https:\\\/\\\/dgtpcc.md\\\/?page_id=6818#primaryimage\"},\"thumbnailUrl\":\"https:\\\/\\\/mobilitatechisinau.md\\\/wp-content\\\/uploads\\\/2022\\\/09\\\/noi-achizitii-610x350.jpg\",\"datePublished\":\"2022-03-18T10:37:36+00:00\",\"dateModified\":\"2022-11-24T08:16:28+00:00\",\"breadcrumb\":{\"@id\":\"https:\\\/\\\/dgtpcc.md\\\/?page_id=6818#breadcrumb\"},\"inLanguage\":\"ro-RO\",\"potentialAction\":[{\"@type\":\"ReadAction\",\"target\":[\"https:\\\/\\\/dgtpcc.md\\\/?page_id=6818\"]}]},{\"@type\":\"ImageObject\",\"inLanguage\":\"ro-RO\",\"@id\":\"https:\\\/\\\/dgtpcc.md\\\/?page_id=6818#primaryimage\",\"url\":\"https:\\\/\\\/mobilitatechisinau.md\\\/wp-content\\\/uploads\\\/2022\\\/09\\\/noi-achizitii-610x350.jpg\",\"contentUrl\":\"https:\\\/\\\/mobilitatechisinau.md\\\/wp-content\\\/uploads\\\/2022\\\/09\\\/noi-achizitii-610x350.jpg\"},{\"@type\":\"BreadcrumbList\",\"@id\":\"https:\\\/\\\/dgtpcc.md\\\/?page_id=6818#breadcrumb\",\"itemListElement\":[{\"@type\":\"ListItem\",\"position\":1,\"name\":\"Prima pagin\u0103\",\"item\":\"https:\\\/\\\/dgtpcc.md\\\/\"},{\"@type\":\"ListItem\",\"position\":2,\"name\":\"Modernizarea parcurilor PUA \u0219i RTEC\"}]},{\"@type\":\"WebSite\",\"@id\":\"https:\\\/\\\/dgtpcc.md\\\/#website\",\"url\":\"https:\\\/\\\/dgtpcc.md\\\/\",\"name\":\"dgtpcc.md\",\"description\":\"Direc\u0163ia general\u0103 transport public \u015fi c\u0103i de comunica\u0163ie\",\"publisher\":{\"@id\":\"https:\\\/\\\/dgtpcc.md\\\/#organization\"},\"potentialAction\":[{\"@type\":\"SearchAction\",\"target\":{\"@type\":\"EntryPoint\",\"urlTemplate\":\"https:\\\/\\\/dgtpcc.md\\\/?s={search_term_string}\"},\"query-input\":{\"@type\":\"PropertyValueSpecification\",\"valueRequired\":true,\"valueName\":\"search_term_string\"}}],\"inLanguage\":\"ro-RO\"},{\"@type\":\"Organization\",\"@id\":\"https:\\\/\\\/dgtpcc.md\\\/#organization\",\"name\":\"Direc\u0163ia general\u0103 transport public \u015fi c\u0103i de comunica\u0163ie\",\"url\":\"https:\\\/\\\/dgtpcc.md\\\/\",\"logo\":{\"@type\":\"ImageObject\",\"inLanguage\":\"ro-RO\",\"@id\":\"https:\\\/\\\/dgtpcc.md\\\/#\\\/schema\\\/logo\\\/image\\\/\",\"url\":\"https:\\\/\\\/dgtpcc.md\\\/wp-content\\\/uploads\\\/2022\\\/05\\\/DGTPCC-Chis\u0326ina\u0306u-new.jpg\",\"contentUrl\":\"https:\\\/\\\/dgtpcc.md\\\/wp-content\\\/uploads\\\/2022\\\/05\\\/DGTPCC-Chis\u0326ina\u0306u-new.jpg\",\"width\":304,\"height\":80,\"caption\":\"Direc\u0163ia general\u0103 transport public \u015fi c\u0103i de comunica\u0163ie\"},\"image\":{\"@id\":\"https:\\\/\\\/dgtpcc.md\\\/#\\\/schema\\\/logo\\\/image\\\/\"},\"sameAs\":[\"https:\\\/\\\/www.facebook.com\\\/DGTPCC\"]}]}<\/script>\n<!-- \/ Yoast SEO plugin. -->","yoast_head_json":{"title":"Modernizarea parcurilor PUA \u0219i RTEC - dgtpcc.md","robots":{"index":"index","follow":"follow","max-snippet":"max-snippet:-1","max-image-preview":"max-image-preview:large","max-video-preview":"max-video-preview:-1"},"canonical":"https:\/\/dgtpcc.md\/?page_id=6818","og_locale":"ro_RO","og_type":"article","og_title":"Modernizarea parcurilor PUA \u0219i RTEC - dgtpcc.md","og_description":"19 septembrie 2022 Noi achizi\u021bii pentru parcurile urbane de autobuze \u0219i troleibuze Un nou lot de autobuze va fi procurat \u00een anul curent pentru completarea Parcului Urban de Autobuze (&#8230; Continue reading 23 iunie 2022 Investi\u021bii importante \u00een transportul public al Capitalei Transportul public al municipiului Chi\u0219in\u0103u a c\u0103p\u0103tat o nou\u0103 fa\u021b\u0103, \u00een ultimii c\u00e2\u021biva [&hellip;]","og_url":"https:\/\/dgtpcc.md\/?page_id=6818","og_site_name":"dgtpcc.md","article_publisher":"https:\/\/www.facebook.com\/DGTPCC","article_modified_time":"2022-11-24T08:16:28+00:00","og_image":[{"url":"https:\/\/mobilitatechisinau.md\/wp-content\/uploads\/2022\/09\/noi-achizitii-610x350.jpg","type":"","width":"","height":""}],"twitter_card":"summary_large_image","twitter_misc":{"Timp estimat pentru citire":"2 minute"},"schema":{"@context":"https:\/\/schema.org","@graph":[{"@type":"WebPage","@id":"https:\/\/dgtpcc.md\/?page_id=6818","url":"https:\/\/dgtpcc.md\/?page_id=6818","name":"Modernizarea parcurilor PUA \u0219i RTEC - dgtpcc.md","isPartOf":{"@id":"https:\/\/dgtpcc.md\/#website"},"primaryImageOfPage":{"@id":"https:\/\/dgtpcc.md\/?page_id=6818#primaryimage"},"image":{"@id":"https:\/\/dgtpcc.md\/?page_id=6818#primaryimage"},"thumbnailUrl":"https:\/\/mobilitatechisinau.md\/wp-content\/uploads\/2022\/09\/noi-achizitii-610x350.jpg","datePublished":"2022-03-18T10:37:36+00:00","dateModified":"2022-11-24T08:16:28+00:00","breadcrumb":{"@id":"https:\/\/dgtpcc.md\/?page_id=6818#breadcrumb"},"inLanguage":"ro-RO","potentialAction":[{"@type":"ReadAction","target":["https:\/\/dgtpcc.md\/?page_id=6818"]}]},{"@type":"ImageObject","inLanguage":"ro-RO","@id":"https:\/\/dgtpcc.md\/?page_id=6818#primaryimage","url":"https:\/\/mobilitatechisinau.md\/wp-content\/uploads\/2022\/09\/noi-achizitii-610x350.jpg","contentUrl":"https:\/\/mobilitatechisinau.md\/wp-content\/uploads\/2022\/09\/noi-achizitii-610x350.jpg"},{"@type":"BreadcrumbList","@id":"https:\/\/dgtpcc.md\/?page_id=6818#breadcrumb","itemListElement":[{"@type":"ListItem","position":1,"name":"Prima pagin\u0103","item":"https:\/\/dgtpcc.md\/"},{"@type":"ListItem","position":2,"name":"Modernizarea parcurilor PUA \u0219i RTEC"}]},{"@type":"WebSite","@id":"https:\/\/dgtpcc.md\/#website","url":"https:\/\/dgtpcc.md\/","name":"dgtpcc.md","description":"Direc\u0163ia general\u0103 transport public \u015fi c\u0103i de comunica\u0163ie","publisher":{"@id":"https:\/\/dgtpcc.md\/#organization"},"potentialAction":[{"@type":"SearchAction","target":{"@type":"EntryPoint","urlTemplate":"https:\/\/dgtpcc.md\/?s={search_term_string}"},"query-input":{"@type":"PropertyValueSpecification","valueRequired":true,"valueName":"search_term_string"}}],"inLanguage":"ro-RO"},{"@type":"Organization","@id":"https:\/\/dgtpcc.md\/#organization","name":"Direc\u0163ia general\u0103 transport public \u015fi c\u0103i de comunica\u0163ie","url":"https:\/\/dgtpcc.md\/","logo":{"@type":"ImageObject","inLanguage":"ro-RO","@id":"https:\/\/dgtpcc.md\/#\/schema\/logo\/image\/","url":"https:\/\/dgtpcc.md\/wp-content\/uploads\/2022\/05\/DGTPCC-Chis\u0326ina\u0306u-new.jpg","contentUrl":"https:\/\/dgtpcc.md\/wp-content\/uploads\/2022\/05\/DGTPCC-Chis\u0326ina\u0306u-new.jpg","width":304,"height":80,"caption":"Direc\u0163ia general\u0103 transport public \u015fi c\u0103i de comunica\u0163ie"},"image":{"@id":"https:\/\/dgtpcc.md\/#\/schema\/logo\/image\/"},"sameAs":["https:\/\/www.facebook.com\/DGTPCC"]}]}},"_links":{"self":[{"href":"https:\/\/dgtpcc.md\/index.php?rest_route=\/wp\/v2\/pages\/6818","targetHints":{"allow":["GET"]}}],"collection":[{"href":"https:\/\/dgtpcc.md\/index.php?rest_route=\/wp\/v2\/pages"}],"about":[{"href":"https:\/\/dgtpcc.md\/index.php?rest_route=\/wp\/v2\/types\/page"}],"author":[{"embeddable":true,"href":"https:\/\/dgtpcc.md\/index.php?rest_route=\/wp\/v2\/users\/1"}],"replies":[{"embeddable":true,"href":"https:\/\/dgtpcc.md\/index.php?rest_route=%2Fwp%2Fv2%2Fcomments&post=6818"}],"version-history":[{"count":7,"href":"https:\/\/dgtpcc.md\/index.php?rest_route=\/wp\/v2\/pages\/6818\/revisions"}],"predecessor-version":[{"id":8457,"href":"https:\/\/dgtpcc.md\/index.php?rest_route=\/wp\/v2\/pages\/6818\/revisions\/8457"}],"wp:attachment":[{"href":"https:\/\/dgtpcc.md\/index.php?rest_route=%2Fwp%2Fv2%2Fmedia&parent=6818"}],"curies":[{"name":"wp","href":"https:\/\/api.w.org\/{rel}","templated":true}]}}