{"id":6755,"date":"2022-03-18T12:02:34","date_gmt":"2022-03-18T10:02:34","guid":{"rendered":"https:\/\/dgtpcc.md\/?page_id=6755"},"modified":"2022-05-12T00:50:46","modified_gmt":"2022-05-11T22:50:46","slug":"echipa","status":"publish","type":"page","link":"https:\/\/dgtpcc.md\/?page_id=6755","title":{"rendered":"Echipa"},"content":{"rendered":"\t\t<div data-elementor-type=\"wp-page\" data-elementor-id=\"6755\" class=\"elementor elementor-6755\">\n\t\t\t\t\t\t<section class=\"elementor-section elementor-top-section elementor-element elementor-element-22a05549 elementor-section-height-min-height elementor-section-content-middle elementor-section-boxed elementor-section-height-default elementor-section-items-middle default-style\" data-id=\"22a05549\" data-element_type=\"section\" data-e-type=\"section\" data-settings=\"{&quot;background_background&quot;:&quot;classic&quot;,&quot;rt_color_sets&quot;:&quot;default-style&quot;}\">\n\t\t\t\t\t\t<div class=\"elementor-container elementor-column-gap-default\">\n\t\t\t\t\t<div class=\"elementor-column elementor-col-50 elementor-top-column elementor-element elementor-element-7a4fd569 elementor-invisible\" data-id=\"7a4fd569\" data-element_type=\"column\" data-e-type=\"column\" data-settings=\"{&quot;animation&quot;:&quot;fadeIn&quot;}\">\n\t\t\t<div class=\"elementor-widget-wrap elementor-element-populated\">\n\t\t\t\t\t\t<div class=\"elementor-element elementor-element-135539f elementor-position-block-start elementor-absolute elementor-view-default elementor-mobile-position-block-start elementor-widget elementor-widget-icon-box\" data-id=\"135539f\" data-element_type=\"widget\" data-e-type=\"widget\" data-settings=\"{&quot;_position&quot;:&quot;absolute&quot;}\" data-widget_type=\"icon-box.default\">\n\t\t\t\t<div class=\"elementor-widget-container\">\n\t\t\t\t\t\t\t<div class=\"elementor-icon-box-wrapper\">\n\n\t\t\t\t\t\t<div class=\"elementor-icon-box-icon\">\n\t\t\t\t<span  class=\"elementor-icon\">\n\t\t\t\t<i aria-hidden=\"true\" class=\"fas fa-phone-square-alt\"><\/i>\t\t\t\t<\/span>\n\t\t\t<\/div>\n\t\t\t\n\t\t\t\t\t\t<div class=\"elementor-icon-box-content\">\n\n\t\t\t\t\n\t\t\t\t\t\t\t\t\t<p class=\"elementor-icon-box-description\">\n\t\t\t\t\t\tLista contactelor angaja\u021bilor Direc\u021biei generale transport public \u0219i c\u0103i de comunica\u021bie\t\t\t\t\t<\/p>\n\t\t\t\t\n\t\t\t<\/div>\n\t\t\t\n\t\t<\/div>\n\t\t\t\t\t\t<\/div>\n\t\t\t\t<\/div>\n\t\t\t\t\t<\/div>\n\t\t<\/div>\n\t\t\t\t<div class=\"elementor-column elementor-col-50 elementor-top-column elementor-element elementor-element-5709acaa elementor-invisible\" data-id=\"5709acaa\" data-element_type=\"column\" data-e-type=\"column\" data-settings=\"{&quot;background_background&quot;:&quot;classic&quot;,&quot;animation&quot;:&quot;fadeIn&quot;,&quot;animation_delay&quot;:100}\">\n\t\t\t<div class=\"elementor-widget-wrap elementor-element-populated\">\n\t\t\t\t\t\t<div class=\"elementor-element elementor-element-62c639e elementor-widget elementor-widget-rt-accordions\" data-id=\"62c639e\" data-element_type=\"widget\" data-e-type=\"widget\" data-widget_type=\"rt-accordions.default\">\n\t\t\t\t<div class=\"elementor-widget-container\">\n\t\t\t\t\t<div  class=\"rt-toggle  numbered\"><ol><li  class=\"open\"><div class=\"toggle-head\"><div class=\"toggle-number\">1<\/div><div class=\"toggle-title\">CONDUCEREA<\/div><\/div><div class=\"toggle-content\"><table style=\"height: 61px; width: 524px;\"><tbody><tr><td style=\"width: 163.297px;\">Mihalache Vitalie<\/td><td style=\"width: 232.703px;\">\u0218ef\u00a0 direc\u021bie general\u0103<\/td><td style=\"width: 125px;\">022-20-46-85<\/td><\/tr><tr><td style=\"width: 163.297px;\">Ceban Dumitru<\/td><td style=\"width: 232.703px;\">\u0218ef adjunct direc\u021bie general\u0103<\/td><td style=\"width: 125px;\">022-20-46-86<\/td><\/tr><\/tbody><\/table><\/div><\/li><li  class=\"\"><div class=\"toggle-head\"><div class=\"toggle-number\">2<\/div><div class=\"toggle-title\">ANTICAMERA<\/div><\/div><div class=\"toggle-content\"><table style=\"height: 124px; width: 481px;\"><tbody><tr><td style=\"width: 172.375px;\">Volo\u0219ciuc Aliona<\/td><td style=\"width: 245.641px;\">Secretar administrativ superior<\/td><td style=\"width: 131.984px;\">022-20-46-90<\/td><\/tr><tr><td style=\"width: 172.375px;\">\u00a0<\/td><td style=\"width: 245.641px;\">FAX:<\/td><td style=\"width: 131.984px;\">022 -20-46-58<\/td><\/tr><tr><td style=\"width: 172.375px;\">\u00a0<\/td><td style=\"width: 245.641px;\">E-mail<\/td><td style=\"width: 131.984px;\">dirtrans@pmc.md<\/td><\/tr><\/tbody><\/table><\/div><\/li><li  class=\"\"><div class=\"toggle-head\"><div class=\"toggle-number\">3<\/div><div class=\"toggle-title\">DIREC\u021aIA IMPLEMENTARE \u0218I SUPERVIZAREA PROIECTELOR<\/div><\/div><div class=\"toggle-content\"><table style=\"height: 75px;\" width=\"500\">\n<tbody>\n<tr>\n<td style=\"width: 175.672px;\">Untilov Alexandru<\/td>\n<td style=\"width: 186.312px;\">\u0218ef direc\u021bie<\/td>\n<td style=\"width: 138.016px;\">022-20-46-70<\/td>\n<\/tr>\n<tr>\n<td style=\"width: 175.672px;\">&nbsp;<\/td>\n<td style=\"width: 186.312px;\">Specialist superior<\/td>\n<td style=\"width: 138.016px;\">022-20-46-73<\/td>\n<\/tr>\n<tr>\n<td style=\"width: 175.672px;\">&nbsp;<\/td>\n<td style=\"width: 186.312px;\">Specialist principal<\/td>\n<td style=\"width: 138.016px;\">022-20-46-73<\/td>\n<\/tr>\n<\/tbody>\n<\/table><\/div><\/li><li  class=\"\"><div class=\"toggle-head\"><div class=\"toggle-number\">4<\/div><div class=\"toggle-title\">SERVICIUL ANALIZ\u0102 \u0218I SINTEZ\u0102<\/div><\/div><div class=\"toggle-content\"><table style=\"height: 73px;\" width=\"501\">\n<tbody>\n<tr>\n<td style=\"width: 175.672px;\">Cernomore\u021b Ana<\/td>\n<td style=\"width: 186.312px;\">\u0218ef serviciu<\/td>\n<td style=\"width: 138.016px;\">022-20-46-71<\/td>\n<\/tr>\n<tr>\n<td style=\"width: 175.672px;\">&nbsp;<\/td>\n<td style=\"width: 186.312px;\">&nbsp;<\/td>\n<td style=\"width: 138.016px;\">&nbsp;<\/td>\n<\/tr>\n<tr>\n<td style=\"width: 175.672px;\">&nbsp;<\/td>\n<td style=\"width: 186.312px;\">&nbsp;<\/td>\n<td style=\"width: 138.016px;\">&nbsp;<\/td>\n<\/tr>\n<\/tbody>\n<\/table><\/div><\/li><li  class=\"\"><div class=\"toggle-head\"><div class=\"toggle-number\">5<\/div><div class=\"toggle-title\">DIREC\u021aIA LUCR\u0102RI  EDILITARE<\/div><\/div><div class=\"toggle-content\"><table style=\"height: 73px;\" width=\"501\">\n<tbody>\n<tr>\n<td style=\"width: 175.672px;\">\u0218vaga Valentin<\/td>\n<td style=\"width: 186.312px;\">\u0218ef direc\u021bie<\/td>\n<td style=\"width: 138.016px;\">022-20-46-54<\/td>\n<\/tr>\n<tr>\n<td style=\"width: 175.672px;\">&nbsp;<\/td>\n<td style=\"width: 186.312px;\">Specialist principal<\/td>\n<td style=\"width: 138.016px;\">022-20-46-59<\/td>\n<\/tr>\n<tr>\n<td style=\"width: 175.672px;\">&nbsp;<\/td>\n<td style=\"width: 186.312px;\">Specialist superior<\/td>\n<td style=\"width: 138.016px;\">022-20-46-59<\/td>\n<\/tr>\n<\/tbody>\n<\/table><\/div><\/li><li  class=\"\"><div class=\"toggle-head\"><div class=\"toggle-number\">6<\/div><div class=\"toggle-title\">DIREC\u021aIA MANAGEMENT \u00ceN TRANSPORT<\/div><\/div><div class=\"toggle-content\"><table style=\"height: 73px;\" width=\"501\">\n<tbody>\n<tr>\n<td style=\"width: 175.672px;\">Copaci Lilian<\/td>\n<td style=\"width: 186.312px;\">\u0218ef direc\u021bie<\/td>\n<td style=\"width: 138.016px;\">022-20-46-60<\/td>\n<\/tr>\n<tr>\n<td style=\"width: 175.672px;\">&nbsp;<\/td>\n<td style=\"width: 186.312px;\">&nbsp;<\/td>\n<td style=\"width: 138.016px;\">&nbsp;<\/td>\n<\/tr>\n<tr>\n<td style=\"width: 175.672px;\">&nbsp;<\/td>\n<td style=\"width: 186.312px;\">&nbsp;<\/td>\n<td style=\"width: 138.016px;\">&nbsp;<\/td>\n<\/tr>\n<\/tbody>\n<\/table><\/div><\/li><li  class=\"\"><div class=\"toggle-head\"><div class=\"toggle-number\">7<\/div><div class=\"toggle-title\">SEC\u021aIA TRANSPORT PUBLIC MUNICIPAL<\/div><\/div><div class=\"toggle-content\"><table style=\"height: 73px;\" width=\"501\">\n<tbody>\n<tr style=\"height: 24px;\">\n<td style=\"width: 175.672px; height: 24px;\">Arnaut Igor<\/td>\n<td style=\"width: 186.312px; height: 24px;\">\u0218ef sec\u021bie<\/td>\n<td style=\"width: 138.016px; height: 24px;\">022-20-46-62<\/td>\n<\/tr>\n<tr style=\"height: 24.5px;\">\n<td style=\"width: 175.672px; height: 24.5px;\">&nbsp;<\/td>\n<td style=\"width: 186.312px; height: 24.5px;\">Specialist principal<\/td>\n<td style=\"width: 138.016px; height: 24.5px;\">022-20-46-82<\/td>\n<\/tr>\n<tr style=\"height: 24px;\">\n<td style=\"width: 175.672px; height: 24px;\">&nbsp;<\/td>\n<td style=\"width: 186.312px; height: 24px;\">Specialist superior<\/td>\n<td style=\"width: 138.016px; height: 24px;\">022-20-46-55<\/td>\n<\/tr>\n<\/tbody>\n<\/table><\/div><\/li><li  class=\"\"><div class=\"toggle-head\"><div class=\"toggle-number\">8<\/div><div class=\"toggle-title\">SEC\u021aIA TRANSPORT PUBLIC PRIVAT<\/div><\/div><div class=\"toggle-content\"><table style=\"height: 73px;\" width=\"501\">\n<tbody>\n<tr style=\"height: 24px;\">\n<td style=\"width: 175.672px; height: 24px;\">Procopciuc Vasili<\/td>\n<td style=\"width: 186.312px; height: 24px;\">\u0218ef sec\u021bie<\/td>\n<td style=\"width: 138.016px; height: 24px;\">022-20-46-80<\/td>\n<\/tr>\n<tr style=\"height: 24.5px;\">\n<td style=\"width: 175.672px; height: 24.5px;\">&nbsp;<\/td>\n<td style=\"width: 186.312px; height: 24.5px;\">Specialist principal<\/td>\n<td style=\"width: 138.016px; height: 24.5px;\">022-20-46-63<\/td>\n<\/tr>\n<tr style=\"height: 24px;\">\n<td style=\"width: 175.672px; height: 24px;\">&nbsp;<\/td>\n<td style=\"width: 186.312px; height: 24px;\">Specialist superior<\/td>\n<td style=\"width: 138.016px; height: 24px;\">022-20-46-55<\/td>\n<\/tr>\n<\/tbody>\n<\/table><\/div><\/li><li  class=\"\"><div class=\"toggle-head\"><div class=\"toggle-number\">9<\/div><div class=\"toggle-title\">SERVICIUL  SECURITATEA  CIRCULA\u021aIEI  RUTIERE<\/div><\/div><div class=\"toggle-content\"><table style=\"height: 73px;\" width=\"501\">\n<tbody>\n<tr style=\"height: 24px;\">\n<td style=\"width: 175.672px; height: 24px;\">Cazacu Ion<\/td>\n<td style=\"width: 186.312px; height: 24px;\">\u0218ef Serviciu<\/td>\n<td style=\"width: 138.016px; height: 24px;\">022-20-46-61<\/td>\n<\/tr>\n<tr style=\"height: 24.5px;\">\n<td style=\"width: 175.672px; height: 24.5px;\">&nbsp;<\/td>\n<td style=\"width: 186.312px; height: 24.5px;\">&nbsp;<\/td>\n<td style=\"width: 138.016px; height: 24.5px;\">&nbsp;<\/td>\n<\/tr>\n<tr style=\"height: 24px;\">\n<td style=\"width: 175.672px; height: 24px;\">&nbsp;<\/td>\n<td style=\"width: 186.312px; height: 24px;\">&nbsp;<\/td>\n<td style=\"width: 138.016px; height: 24px;\">&nbsp;<\/td>\n<\/tr>\n<\/tbody>\n<\/table><\/div><\/li><li  class=\"\"><div class=\"toggle-head\"><div class=\"toggle-number\">10<\/div><div class=\"toggle-title\">DIRECTIA ECONOMICO-FINANCIARA<\/div><\/div><div class=\"toggle-content\"><table style=\"height: 73px;\" width=\"501\">\n<tbody>\n<tr style=\"height: 24px;\">\n<td style=\"width: 175.672px; height: 24px;\">Popescu Dina<\/td>\n<td style=\"width: 186.312px; height: 24px;\">\u0218ef direc\u021bie<\/td>\n<td style=\"width: 138.016px; height: 24px;\">022-20-46-51<\/td>\n<\/tr>\n<tr style=\"height: 24px;\">\n<td style=\"width: 175.672px; height: 24px;\">&nbsp;<\/td>\n<td style=\"width: 186.312px; height: 24px;\">Specialist principal<\/td>\n<td style=\"width: 138.016px; height: 24px;\">022-20-46-53<\/td>\n<\/tr>\n<tr style=\"height: 24px;\">\n<td style=\"width: 175.672px; height: 24px;\">&nbsp;<\/td>\n<td style=\"width: 186.312px; height: 24px;\">&nbsp;<\/td>\n<td style=\"width: 138.016px; height: 24px;\">022-20-46-52<\/td>\n<\/tr>\n<\/tbody>\n<\/table><\/div><\/li><li  class=\"\"><div class=\"toggle-head\"><div class=\"toggle-number\">11<\/div><div class=\"toggle-title\">DIRECTIA MARKETING \u0218I ACHIZITII PUBLICE<\/div><\/div><div class=\"toggle-content\"><table style=\"height: 73px;\" width=\"501\">\n<tbody>\n<tr style=\"height: 24px;\">\n<td style=\"width: 175.672px; height: 24px;\">Suhan Aureliu<\/td>\n<td style=\"width: 186.312px; height: 24px;\">\u0218ef direc\u021bie<\/td>\n<td style=\"width: 138.016px; height: 24px;\">022-20-46-77<\/td>\n<\/tr>\n<tr style=\"height: 24px;\">\n<td style=\"width: 175.672px; height: 24px;\">&nbsp;<\/td>\n<td style=\"width: 186.312px; height: 24px;\">Specialist principal<\/td>\n<td style=\"width: 138.016px; height: 24px;\">022-20-46-78<\/td>\n<\/tr>\n<tr style=\"height: 24px;\">\n<td style=\"width: 175.672px; height: 24px;\">&nbsp;<\/td>\n<td style=\"width: 186.312px; height: 24px;\">&nbsp;<\/td>\n<td style=\"width: 138.016px; height: 24px;\">&nbsp;<\/td>\n<\/tr>\n<\/tbody>\n<\/table><\/div><\/li><li  class=\"\"><div class=\"toggle-head\"><div class=\"toggle-number\">12<\/div><div class=\"toggle-title\">SERVICIUL IMPLEMENTAREA PROIECTELOR<\/div><\/div><div class=\"toggle-content\"><table style=\"height: 73px;\" width=\"501\">\n<tbody>\n<tr style=\"height: 24px;\">\n<td style=\"width: 175.672px; height: 24px;\">Gauga\u0219 Sergiu<\/td>\n<td style=\"width: 186.312px; height: 24px;\">\u0218ef interimar serviciu<\/td>\n<td style=\"width: 138.016px; height: 24px;\">022-20-46-77<\/td>\n<\/tr>\n<tr style=\"height: 24px;\">\n<td style=\"width: 175.672px; height: 24px;\">&nbsp;<\/td>\n<td style=\"width: 186.312px; height: 24px;\">Specialist principal<\/td>\n<td style=\"width: 138.016px; height: 24px;\">022-20-46-77<\/td>\n<\/tr>\n<tr style=\"height: 24px;\">\n<td style=\"width: 175.672px; height: 24px;\">&nbsp;<\/td>\n<td style=\"width: 186.312px; height: 24px;\">&nbsp;<\/td>\n<td style=\"width: 138.016px; height: 24px;\">&nbsp;<\/td>\n<\/tr>\n<\/tbody>\n<\/table><\/div><\/li><li  class=\"\"><div class=\"toggle-head\"><div class=\"toggle-number\">13<\/div><div class=\"toggle-title\">SECTIA RESURSE UMANE<\/div><\/div><div class=\"toggle-content\"><table style=\"height: 73px;\" width=\"501\">\n<tbody>\n<tr style=\"height: 24px;\">\n<td style=\"width: 175.672px; height: 24px;\">Negru\u021ba Ana<\/td>\n<td style=\"width: 186.312px; height: 24px;\">\u0218ef sec\u021bie<\/td>\n<td style=\"width: 138.016px; height: 24px;\">022-20-46-64<\/td>\n<\/tr>\n<tr style=\"height: 24px;\">\n<td style=\"width: 175.672px; height: 24px;\">&nbsp;<\/td>\n<td style=\"width: 186.312px; height: 24px;\">&nbsp;<\/td>\n<td style=\"width: 138.016px; height: 24px;\">&nbsp;<\/td>\n<\/tr>\n<tr style=\"height: 24px;\">\n<td style=\"width: 175.672px; height: 24px;\">Gu\u021banu Iurie<\/td>\n<td style=\"width: 186.312px; height: 24px;\">Inspector superior&nbsp;\n<p>controlul asupra execut\u0103rii hot\u0103r&icirc;rilor<\/p>\n<\/td>\n<td style=\"width: 138.016px; height: 24px;\">022-20-46-69<\/td>\n<\/tr>\n<tr style=\"height: 24px;\">\n<td style=\"width: 175.672px; height: 24px;\">&nbsp;<\/td>\n<td style=\"width: 186.312px; height: 24px;\">&nbsp;<\/td>\n<td style=\"width: 138.016px; height: 24px;\">&nbsp;<\/td>\n<\/tr>\n<\/tbody>\n<\/table><\/div><\/li><li  class=\"\"><div class=\"toggle-head\"><div class=\"toggle-number\">14<\/div><div class=\"toggle-title\">SEC\u021aIA DESERVIRE TEHNIC\u0102<\/div><\/div><div class=\"toggle-content\"><table style=\"height: 73px;\" width=\"501\">\n<tbody>\n<tr style=\"height: 24px;\">\n<td style=\"width: 175.672px; height: 24px;\">Pavel Vladimir<\/td>\n<td style=\"width: 186.312px; height: 24px;\">\u0218ef sec\u021bie<\/td>\n<td style=\"width: 138.016px; height: 24px;\">022-20-46-60<\/td>\n<\/tr>\n<tr style=\"height: 24px;\">\n<td style=\"width: 175.672px; height: 24px;\">&nbsp;<\/td>\n<td style=\"width: 186.312px; height: 24px;\">&nbsp;<\/td>\n<td style=\"width: 138.016px; height: 24px;\">&nbsp;<\/td>\n<\/tr>\n<tr style=\"height: 24px;\">\n<td style=\"width: 175.672px; height: 24px;\">&nbsp;<\/td>\n<td style=\"width: 186.312px; height: 24px;\">&nbsp;<\/td>\n<td style=\"width: 138.016px; height: 24px;\">&nbsp;<\/td>\n<\/tr>\n<\/tbody>\n<\/table><\/div><\/li><\/ol><\/div>\t\t\t\t<\/div>\n\t\t\t\t<\/div>\n\t\t\t\t\t<\/div>\n\t\t<\/div>\n\t\t\t\t\t<\/div>\n\t\t<\/section>\n\t\t\t\t<\/div>\n\t\t","protected":false},"excerpt":{"rendered":"<p>Lista contactelor angaja\u021bilor Direc\u021biei generale transport public \u0219i c\u0103i de comunica\u021bie 1CONDUCEREA Mihalache Vitalie \u0218ef\u00a0 direc\u021bie general\u0103 022-20-46-85 Ceban Dumitru \u0218ef adjunct direc\u021bie general\u0103 022-20-46-86 2ANTICAMERA Volo\u0219ciuc Aliona Secretar administrativ superior 022-20-46-90 \u00a0 FAX: 022 -20-46-58 \u00a0 E-mail dirtrans@pmc.md 3DIREC\u021aIA IMPLEMENTARE \u0218I SUPERVIZAREA PROIECTELOR Untilov Alexandru \u0218ef direc\u021bie 022-20-46-70 &nbsp; Specialist superior 022-20-46-73 &nbsp; Specialist [&hellip;]<\/p>\n","protected":false},"author":1,"featured_media":0,"parent":0,"menu_order":0,"comment_status":"closed","ping_status":"closed","template":"","meta":{"footnotes":""},"class_list":["post-6755","page","type-page","status-publish","hentry"],"yoast_head":"<!-- This site is optimized with the Yoast SEO plugin v27.5 - https:\/\/yoast.com\/product\/yoast-seo-wordpress\/ -->\n<title>Echipa - dgtpcc.md<\/title>\n<meta name=\"robots\" content=\"index, follow, max-snippet:-1, max-image-preview:large, max-video-preview:-1\" \/>\n<link rel=\"canonical\" href=\"https:\/\/dgtpcc.md\/?page_id=6755\" \/>\n<meta property=\"og:locale\" content=\"ro_RO\" \/>\n<meta property=\"og:type\" content=\"article\" \/>\n<meta property=\"og:title\" content=\"Echipa - dgtpcc.md\" \/>\n<meta property=\"og:description\" content=\"Lista contactelor angaja\u021bilor Direc\u021biei generale transport public \u0219i c\u0103i de comunica\u021bie 1CONDUCEREA Mihalache Vitalie \u0218ef\u00a0 direc\u021bie general\u0103 022-20-46-85 Ceban Dumitru \u0218ef adjunct direc\u021bie general\u0103 022-20-46-86 2ANTICAMERA Volo\u0219ciuc Aliona Secretar administrativ superior 022-20-46-90 \u00a0 FAX: 022 -20-46-58 \u00a0 E-mail dirtrans@pmc.md 3DIREC\u021aIA IMPLEMENTARE \u0218I SUPERVIZAREA PROIECTELOR Untilov Alexandru \u0218ef direc\u021bie 022-20-46-70 &nbsp; Specialist superior 022-20-46-73 &nbsp; Specialist [&hellip;]\" \/>\n<meta property=\"og:url\" content=\"https:\/\/dgtpcc.md\/?page_id=6755\" \/>\n<meta property=\"og:site_name\" content=\"dgtpcc.md\" \/>\n<meta property=\"article:publisher\" content=\"https:\/\/www.facebook.com\/DGTPCC\" \/>\n<meta property=\"article:modified_time\" content=\"2022-05-11T22:50:46+00:00\" \/>\n<meta name=\"twitter:card\" content=\"summary_large_image\" \/>\n<meta name=\"twitter:label1\" content=\"Timp estimat pentru citire\" \/>\n\t<meta name=\"twitter:data1\" content=\"2 minute\" \/>\n<script type=\"application\/ld+json\" class=\"yoast-schema-graph\">{\"@context\":\"https:\\\/\\\/schema.org\",\"@graph\":[{\"@type\":\"WebPage\",\"@id\":\"https:\\\/\\\/dgtpcc.md\\\/?page_id=6755\",\"url\":\"https:\\\/\\\/dgtpcc.md\\\/?page_id=6755\",\"name\":\"Echipa - dgtpcc.md\",\"isPartOf\":{\"@id\":\"https:\\\/\\\/dgtpcc.md\\\/#website\"},\"datePublished\":\"2022-03-18T10:02:34+00:00\",\"dateModified\":\"2022-05-11T22:50:46+00:00\",\"breadcrumb\":{\"@id\":\"https:\\\/\\\/dgtpcc.md\\\/?page_id=6755#breadcrumb\"},\"inLanguage\":\"ro-RO\",\"potentialAction\":[{\"@type\":\"ReadAction\",\"target\":[\"https:\\\/\\\/dgtpcc.md\\\/?page_id=6755\"]}]},{\"@type\":\"BreadcrumbList\",\"@id\":\"https:\\\/\\\/dgtpcc.md\\\/?page_id=6755#breadcrumb\",\"itemListElement\":[{\"@type\":\"ListItem\",\"position\":1,\"name\":\"Prima pagin\u0103\",\"item\":\"https:\\\/\\\/dgtpcc.md\\\/\"},{\"@type\":\"ListItem\",\"position\":2,\"name\":\"Echipa\"}]},{\"@type\":\"WebSite\",\"@id\":\"https:\\\/\\\/dgtpcc.md\\\/#website\",\"url\":\"https:\\\/\\\/dgtpcc.md\\\/\",\"name\":\"dgtpcc.md\",\"description\":\"Direc\u0163ia general\u0103 transport public \u015fi c\u0103i de comunica\u0163ie\",\"publisher\":{\"@id\":\"https:\\\/\\\/dgtpcc.md\\\/#organization\"},\"potentialAction\":[{\"@type\":\"SearchAction\",\"target\":{\"@type\":\"EntryPoint\",\"urlTemplate\":\"https:\\\/\\\/dgtpcc.md\\\/?s={search_term_string}\"},\"query-input\":{\"@type\":\"PropertyValueSpecification\",\"valueRequired\":true,\"valueName\":\"search_term_string\"}}],\"inLanguage\":\"ro-RO\"},{\"@type\":\"Organization\",\"@id\":\"https:\\\/\\\/dgtpcc.md\\\/#organization\",\"name\":\"Direc\u0163ia general\u0103 transport public \u015fi c\u0103i de comunica\u0163ie\",\"url\":\"https:\\\/\\\/dgtpcc.md\\\/\",\"logo\":{\"@type\":\"ImageObject\",\"inLanguage\":\"ro-RO\",\"@id\":\"https:\\\/\\\/dgtpcc.md\\\/#\\\/schema\\\/logo\\\/image\\\/\",\"url\":\"https:\\\/\\\/dgtpcc.md\\\/wp-content\\\/uploads\\\/2022\\\/05\\\/DGTPCC-Chis\u0326ina\u0306u-new.jpg\",\"contentUrl\":\"https:\\\/\\\/dgtpcc.md\\\/wp-content\\\/uploads\\\/2022\\\/05\\\/DGTPCC-Chis\u0326ina\u0306u-new.jpg\",\"width\":304,\"height\":80,\"caption\":\"Direc\u0163ia general\u0103 transport public \u015fi c\u0103i de comunica\u0163ie\"},\"image\":{\"@id\":\"https:\\\/\\\/dgtpcc.md\\\/#\\\/schema\\\/logo\\\/image\\\/\"},\"sameAs\":[\"https:\\\/\\\/www.facebook.com\\\/DGTPCC\"]}]}<\/script>\n<!-- \/ Yoast SEO plugin. -->","yoast_head_json":{"title":"Echipa - dgtpcc.md","robots":{"index":"index","follow":"follow","max-snippet":"max-snippet:-1","max-image-preview":"max-image-preview:large","max-video-preview":"max-video-preview:-1"},"canonical":"https:\/\/dgtpcc.md\/?page_id=6755","og_locale":"ro_RO","og_type":"article","og_title":"Echipa - dgtpcc.md","og_description":"Lista contactelor angaja\u021bilor Direc\u021biei generale transport public \u0219i c\u0103i de comunica\u021bie 1CONDUCEREA Mihalache Vitalie \u0218ef\u00a0 direc\u021bie general\u0103 022-20-46-85 Ceban Dumitru \u0218ef adjunct direc\u021bie general\u0103 022-20-46-86 2ANTICAMERA Volo\u0219ciuc Aliona Secretar administrativ superior 022-20-46-90 \u00a0 FAX: 022 -20-46-58 \u00a0 E-mail dirtrans@pmc.md 3DIREC\u021aIA IMPLEMENTARE \u0218I SUPERVIZAREA PROIECTELOR Untilov Alexandru \u0218ef direc\u021bie 022-20-46-70 &nbsp; Specialist superior 022-20-46-73 &nbsp; Specialist [&hellip;]","og_url":"https:\/\/dgtpcc.md\/?page_id=6755","og_site_name":"dgtpcc.md","article_publisher":"https:\/\/www.facebook.com\/DGTPCC","article_modified_time":"2022-05-11T22:50:46+00:00","twitter_card":"summary_large_image","twitter_misc":{"Timp estimat pentru citire":"2 minute"},"schema":{"@context":"https:\/\/schema.org","@graph":[{"@type":"WebPage","@id":"https:\/\/dgtpcc.md\/?page_id=6755","url":"https:\/\/dgtpcc.md\/?page_id=6755","name":"Echipa - dgtpcc.md","isPartOf":{"@id":"https:\/\/dgtpcc.md\/#website"},"datePublished":"2022-03-18T10:02:34+00:00","dateModified":"2022-05-11T22:50:46+00:00","breadcrumb":{"@id":"https:\/\/dgtpcc.md\/?page_id=6755#breadcrumb"},"inLanguage":"ro-RO","potentialAction":[{"@type":"ReadAction","target":["https:\/\/dgtpcc.md\/?page_id=6755"]}]},{"@type":"BreadcrumbList","@id":"https:\/\/dgtpcc.md\/?page_id=6755#breadcrumb","itemListElement":[{"@type":"ListItem","position":1,"name":"Prima pagin\u0103","item":"https:\/\/dgtpcc.md\/"},{"@type":"ListItem","position":2,"name":"Echipa"}]},{"@type":"WebSite","@id":"https:\/\/dgtpcc.md\/#website","url":"https:\/\/dgtpcc.md\/","name":"dgtpcc.md","description":"Direc\u0163ia general\u0103 transport public \u015fi c\u0103i de comunica\u0163ie","publisher":{"@id":"https:\/\/dgtpcc.md\/#organization"},"potentialAction":[{"@type":"SearchAction","target":{"@type":"EntryPoint","urlTemplate":"https:\/\/dgtpcc.md\/?s={search_term_string}"},"query-input":{"@type":"PropertyValueSpecification","valueRequired":true,"valueName":"search_term_string"}}],"inLanguage":"ro-RO"},{"@type":"Organization","@id":"https:\/\/dgtpcc.md\/#organization","name":"Direc\u0163ia general\u0103 transport public \u015fi c\u0103i de comunica\u0163ie","url":"https:\/\/dgtpcc.md\/","logo":{"@type":"ImageObject","inLanguage":"ro-RO","@id":"https:\/\/dgtpcc.md\/#\/schema\/logo\/image\/","url":"https:\/\/dgtpcc.md\/wp-content\/uploads\/2022\/05\/DGTPCC-Chis\u0326ina\u0306u-new.jpg","contentUrl":"https:\/\/dgtpcc.md\/wp-content\/uploads\/2022\/05\/DGTPCC-Chis\u0326ina\u0306u-new.jpg","width":304,"height":80,"caption":"Direc\u0163ia general\u0103 transport public \u015fi c\u0103i de comunica\u0163ie"},"image":{"@id":"https:\/\/dgtpcc.md\/#\/schema\/logo\/image\/"},"sameAs":["https:\/\/www.facebook.com\/DGTPCC"]}]}},"_links":{"self":[{"href":"https:\/\/dgtpcc.md\/index.php?rest_route=\/wp\/v2\/pages\/6755","targetHints":{"allow":["GET"]}}],"collection":[{"href":"https:\/\/dgtpcc.md\/index.php?rest_route=\/wp\/v2\/pages"}],"about":[{"href":"https:\/\/dgtpcc.md\/index.php?rest_route=\/wp\/v2\/types\/page"}],"author":[{"embeddable":true,"href":"https:\/\/dgtpcc.md\/index.php?rest_route=\/wp\/v2\/users\/1"}],"replies":[{"embeddable":true,"href":"https:\/\/dgtpcc.md\/index.php?rest_route=%2Fwp%2Fv2%2Fcomments&post=6755"}],"version-history":[{"count":55,"href":"https:\/\/dgtpcc.md\/index.php?rest_route=\/wp\/v2\/pages\/6755\/revisions"}],"predecessor-version":[{"id":7308,"href":"https:\/\/dgtpcc.md\/index.php?rest_route=\/wp\/v2\/pages\/6755\/revisions\/7308"}],"wp:attachment":[{"href":"https:\/\/dgtpcc.md\/index.php?rest_route=%2Fwp%2Fv2%2Fmedia&parent=6755"}],"curies":[{"name":"wp","href":"https:\/\/api.w.org\/{rel}","templated":true}]}}