{"id":6286,"date":"2022-03-17T12:24:33","date_gmt":"2022-03-17T10:24:33","guid":{"rendered":"https:\/\/dgtpcc.md\/?page_id=6286"},"modified":"2022-03-17T12:26:13","modified_gmt":"2022-03-17T10:26:13","slug":"angajari","status":"publish","type":"page","link":"https:\/\/dgtpcc.md\/?page_id=6286","title":{"rendered":"Angaj\u0103ri"},"content":{"rendered":"\t\t<div data-elementor-type=\"wp-page\" data-elementor-id=\"6286\" class=\"elementor elementor-6286\">\n\t\t\t\t\t\t<section class=\"elementor-section elementor-top-section elementor-element elementor-element-a836312 elementor-section-boxed elementor-section-height-default elementor-section-height-default default-style\" data-id=\"a836312\" data-element_type=\"section\" data-e-type=\"section\" data-settings=\"{&quot;rt_color_sets&quot;:&quot;default-style&quot;}\">\n\t\t\t\t\t\t<div class=\"elementor-container elementor-column-gap-default\">\n\t\t\t\t\t<div class=\"elementor-column elementor-col-100 elementor-top-column elementor-element elementor-element-42bc6f0\" data-id=\"42bc6f0\" data-element_type=\"column\" data-e-type=\"column\">\n\t\t\t<div class=\"elementor-widget-wrap elementor-element-populated\">\n\t\t\t\t\t\t<div class=\"elementor-element elementor-element-e20b782 elementor-widget elementor-widget-rt-blog\" data-id=\"e20b782\" data-element_type=\"widget\" data-e-type=\"widget\" data-widget_type=\"rt-blog.default\">\n\t\t\t\t<div class=\"elementor-widget-container\">\n\t\t\t\t\t\n<div id=\"blog-dynamicID-966923\" class=\"blog_list clearfix fixed_heights\" data-column-width=\"3\">\n<div class=\"row clearfix\">\n<article id=\"8555\" class=\"col col-sm-4 post-8555 post type-post status-publish format-standard has-post-thumbnail hentry category-angajari\"><div class=\"post-content-wrapper boxed\">\n \n\n<!-- blog box-->\n\t\t\t\t<figure class=\"featured_image featured_media\">\n\t\t\t<a href=\"https:\/\/dgtpcc.md\/?p=8555\" title=\"ANUN\u021a cu privire la ocuparea func\u021biei publice vacante de specialist superior al Direc\u021biei lucr\u0103ri edilitare\" class=\"imgeffect link featured_image\"><img fetchpriority=\"high\" decoding=\"async\" src=\"https:\/\/dgtpcc.md\/wp-content\/uploads\/2022\/12\/ANUNT-1_1-480x275.jpg\" alt=\"\" class=\"\" width=\"480\" height=\"275\" \/><\/a>\t\t\n\t\t<\/figure> \n\t\t\n\t<a href=\"https:\/\/dgtpcc.md\/?p=8555\" title=\"ANUN\u021a cu privire la ocuparea func\u021biei publice vacante de specialist superior al Direc\u021biei lucr\u0103ri edilitare\" class=\"post-date\">16 decembrie 2022<\/a>\t\t\t\t\n\n\t<div class=\"entry-content text\">\n\n\t\t<!-- blog headline-->\n\t\t<h6 class=\"entry-title\"><a href=\"https:\/\/dgtpcc.md\/?p=8555\" rel=\"bookmark\">ANUN\u021a cu privire la ocuparea func\u021biei publice vacante de specialist superior al Direc\u021biei lucr\u0103ri edilitare<\/a><\/h6> \n\n\t\t\n\t\t<p>\u00cen rezultatul anun\u021bului pentru ocuparea func\u0163iei publice vacante de specialist superior al Direc\u021biei...<\/p>\t<\/div> \n\n\t<div class=\"entry-footer\">\n\n\t\t<a href=\"https:\/\/dgtpcc.md\/?p=8555\" class=\"read_more\">Continue reading<\/a>\n\t<\/div>\n\n<!-- \/ blog box-->\n<\/div><\/article>\n<article id=\"8552\" class=\"col col-sm-4 post-8552 post type-post status-publish format-standard has-post-thumbnail hentry category-angajari\"><div class=\"post-content-wrapper boxed\">\n \n\n<!-- blog box-->\n\t\t\t\t<figure class=\"featured_image featured_media\">\n\t\t\t<a href=\"https:\/\/dgtpcc.md\/?p=8552\" title=\"ANUN\u021a proba scris\u0103 pentru ocuparea func\u021biei publice vacante de specialist principal al Direc\u021biei implementare \u0219i supervizarea proiectelor\" class=\"imgeffect link featured_image\"><img fetchpriority=\"high\" decoding=\"async\" src=\"https:\/\/dgtpcc.md\/wp-content\/uploads\/2022\/12\/ANUNT-1_1-480x275.jpg\" alt=\"\" class=\"\" width=\"480\" height=\"275\" \/><\/a>\t\t\n\t\t<\/figure> \n\t\t\n\t<a href=\"https:\/\/dgtpcc.md\/?p=8552\" title=\"ANUN\u021a proba scris\u0103 pentru ocuparea func\u021biei publice vacante de specialist principal al Direc\u021biei implementare \u0219i supervizarea proiectelor\" class=\"post-date\">14 decembrie 2022<\/a>\t\t\t\t\n\n\t<div class=\"entry-content text\">\n\n\t\t<!-- blog headline-->\n\t\t<h6 class=\"entry-title\"><a href=\"https:\/\/dgtpcc.md\/?p=8552\" rel=\"bookmark\">ANUN\u021a proba scris\u0103 pentru ocuparea func\u021biei publice vacante de specialist principal al Direc\u021biei implementare \u0219i supervizarea proiectelor<\/a><\/h6> \n\n\t\t\n\t\t<p>\u00cen rezultatul anun\u021bului pentru ocuparea func\u0163iei publice vacante de specialist principal al Direc\u021bie...<\/p>\t<\/div> \n\n\t<div class=\"entry-footer\">\n\n\t\t<a href=\"https:\/\/dgtpcc.md\/?p=8552\" class=\"read_more\">Continue reading<\/a>\n\t<\/div>\n\n<!-- \/ blog box-->\n<\/div><\/article>\n<article id=\"8541\" class=\"col col-sm-4 post-8541 post type-post status-publish format-standard has-post-thumbnail hentry category-angajari\"><div class=\"post-content-wrapper boxed\">\n \n\n<!-- blog box-->\n\t\t\t\t<figure class=\"featured_image featured_media\">\n\t\t\t<a href=\"https:\/\/dgtpcc.md\/?p=8541\" title=\"ANUN\u021a cu privire la ocuparea func\u021biei publice vacante de \u0218ef sec\u021bia deservire tehnic\u0103 din cadrul DGTPCC\" class=\"imgeffect link featured_image\"><img fetchpriority=\"high\" decoding=\"async\" src=\"https:\/\/dgtpcc.md\/wp-content\/uploads\/2022\/12\/ANUNT-1_1-480x275.jpg\" alt=\"\" class=\"\" width=\"480\" height=\"275\" \/><\/a>\t\t\n\t\t<\/figure> \n\t\t\n\t<a href=\"https:\/\/dgtpcc.md\/?p=8541\" title=\"ANUN\u021a cu privire la ocuparea func\u021biei publice vacante de \u0218ef sec\u021bia deservire tehnic\u0103 din cadrul DGTPCC\" class=\"post-date\">9 decembrie 2022<\/a>\t\t\t\t\n\n\t<div class=\"entry-content text\">\n\n\t\t<!-- blog headline-->\n\t\t<h6 class=\"entry-title\"><a href=\"https:\/\/dgtpcc.md\/?p=8541\" rel=\"bookmark\">ANUN\u021a cu privire la ocuparea func\u021biei publice vacante de \u0218ef sec\u021bia deservire tehnic\u0103 din cadrul DGTPCC<\/a><\/h6> \n\n\t\t\n\t\t<p><\/p>\t<\/div> \n\n\t<div class=\"entry-footer\">\n\n\t\t<a href=\"https:\/\/dgtpcc.md\/?p=8541\" class=\"read_more\">Continue reading<\/a>\n\t<\/div>\n\n<!-- \/ blog box-->\n<\/div><\/article>\n<\/div>\n<div class=\"row clearfix\">\n<article id=\"8488\" class=\"col col-sm-4 post-8488 post type-post status-publish format-standard has-post-thumbnail hentry category-angajari\"><div class=\"post-content-wrapper boxed\">\n \n\n<!-- blog box-->\n\t\t\t\t<figure class=\"featured_image featured_media\">\n\t\t\t<a href=\"https:\/\/dgtpcc.md\/?p=8488\" title=\"ANUN\u021a pentru ocuparea func\u021biei vacante de specialist superior al Direc\u021biei lucr\u0103ri edilitare din cadrul DGTPCC\" class=\"imgeffect link featured_image\"><img fetchpriority=\"high\" decoding=\"async\" src=\"https:\/\/dgtpcc.md\/wp-content\/uploads\/2022\/12\/ANUNT-1_1-480x275.jpg\" alt=\"\" class=\"\" width=\"480\" height=\"275\" \/><\/a>\t\t\n\t\t<\/figure> \n\t\t\n\t<a href=\"https:\/\/dgtpcc.md\/?p=8488\" title=\"ANUN\u021a pentru ocuparea func\u021biei vacante de specialist superior al Direc\u021biei lucr\u0103ri edilitare din cadrul DGTPCC\" class=\"post-date\">24 noiembrie 2022<\/a>\t\t\t\t\n\n\t<div class=\"entry-content text\">\n\n\t\t<!-- blog headline-->\n\t\t<h6 class=\"entry-title\"><a href=\"https:\/\/dgtpcc.md\/?p=8488\" rel=\"bookmark\">ANUN\u021a pentru ocuparea func\u021biei vacante de specialist superior al Direc\u021biei lucr\u0103ri edilitare din cadrul DGTPCC<\/a><\/h6> \n\n\t\t\n\t\t<p><\/p>\t<\/div> \n\n\t<div class=\"entry-footer\">\n\n\t\t<a href=\"https:\/\/dgtpcc.md\/?p=8488\" class=\"read_more\">Continue reading<\/a>\n\t<\/div>\n\n<!-- \/ blog box-->\n<\/div><\/article>\n<article id=\"8483\" class=\"col col-sm-4 post-8483 post type-post status-publish format-standard has-post-thumbnail hentry category-angajari\"><div class=\"post-content-wrapper boxed\">\n \n\n<!-- blog box-->\n\t\t\t\t<figure class=\"featured_image featured_media\">\n\t\t\t<a href=\"https:\/\/dgtpcc.md\/?p=8483\" title=\"ANUN\u021a Cu privire la desf\u0103\u0219urarea concursului pentru ocuparea func\u021biei publice vacante de specialist principal, Direc\u021bia implementare \u0219i supervizare a proiectelor\" class=\"imgeffect link featured_image\"><img fetchpriority=\"high\" decoding=\"async\" src=\"https:\/\/dgtpcc.md\/wp-content\/uploads\/2022\/12\/ANUNT-1_1-480x275.jpg\" alt=\"\" class=\"\" width=\"480\" height=\"275\" \/><\/a>\t\t\n\t\t<\/figure> \n\t\t\n\t<a href=\"https:\/\/dgtpcc.md\/?p=8483\" title=\"ANUN\u021a Cu privire la desf\u0103\u0219urarea concursului pentru ocuparea func\u021biei publice vacante de specialist principal, Direc\u021bia implementare \u0219i supervizare a proiectelor\" class=\"post-date\">24 noiembrie 2022<\/a>\t\t\t\t\n\n\t<div class=\"entry-content text\">\n\n\t\t<!-- blog headline-->\n\t\t<h6 class=\"entry-title\"><a href=\"https:\/\/dgtpcc.md\/?p=8483\" rel=\"bookmark\">ANUN\u021a Cu privire la desf\u0103\u0219urarea concursului pentru ocuparea func\u021biei publice vacante de specialist principal, Direc\u021bia implementare \u0219i supervizare a proiectelor<\/a><\/h6> \n\n\t\t\n\t\t<p><\/p>\t<\/div> \n\n\t<div class=\"entry-footer\">\n\n\t\t<a href=\"https:\/\/dgtpcc.md\/?p=8483\" class=\"read_more\">Continue reading<\/a>\n\t<\/div>\n\n<!-- \/ blog box-->\n<\/div><\/article>\n<article id=\"8364\" class=\"col col-sm-4 post-8364 post type-post status-publish format-standard has-post-thumbnail hentry category-angajari\"><div class=\"post-content-wrapper boxed\">\n \n\n<!-- blog box-->\n\t\t\t\t<figure class=\"featured_image featured_media\">\n\t\t\t<a href=\"https:\/\/dgtpcc.md\/?p=8364\" title=\"ANUN\u021a! Rezultatele concursului pentru ocuparea func\u021biei publice vacante de specialist principal, Direc\u021bia economico-financiar\u0103\" class=\"imgeffect link featured_image\"><img fetchpriority=\"high\" decoding=\"async\" src=\"https:\/\/dgtpcc.md\/wp-content\/uploads\/2022\/12\/ANUNT-1_1-480x275.jpg\" alt=\"\" class=\"\" width=\"480\" height=\"275\" \/><\/a>\t\t\n\t\t<\/figure> \n\t\t\n\t<a href=\"https:\/\/dgtpcc.md\/?p=8364\" title=\"ANUN\u021a! Rezultatele concursului pentru ocuparea func\u021biei publice vacante de specialist principal, Direc\u021bia economico-financiar\u0103\" class=\"post-date\">14 noiembrie 2022<\/a>\t\t\t\t\n\n\t<div class=\"entry-content text\">\n\n\t\t<!-- blog headline-->\n\t\t<h6 class=\"entry-title\"><a href=\"https:\/\/dgtpcc.md\/?p=8364\" rel=\"bookmark\">ANUN\u021a! Rezultatele concursului pentru ocuparea func\u021biei publice vacante de specialist principal, Direc\u021bia economico-financiar\u0103<\/a><\/h6> \n\n\t\t\n\t\t<p>\u00cen conformitate cu prevederile Regulamentului cu privire la ocuparea func\u021biei publice vacante prin c...<\/p>\t<\/div> \n\n\t<div class=\"entry-footer\">\n\n\t\t<a href=\"https:\/\/dgtpcc.md\/?p=8364\" class=\"read_more\">Continue reading<\/a>\n\t<\/div>\n\n<!-- \/ blog box-->\n<\/div><\/article>\n<\/div>\n<div class=\"row clearfix\">\n<article id=\"8351\" class=\"col col-sm-4 post-8351 post type-post status-publish format-standard has-post-thumbnail hentry category-angajari\"><div class=\"post-content-wrapper boxed\">\n \n\n<!-- blog box-->\n\t\t\t\t<figure class=\"featured_image featured_media\">\n\t\t\t<a href=\"https:\/\/dgtpcc.md\/?p=8351\" title=\"ANUN\u021a! Ocuparea func\u021biei publice vacante de specialist principal din cadrul Direc\u021biei economico-financiar\u0103\" class=\"imgeffect link featured_image\"><img fetchpriority=\"high\" decoding=\"async\" src=\"https:\/\/dgtpcc.md\/wp-content\/uploads\/2022\/12\/ANUNT-1_1-480x275.jpg\" alt=\"\" class=\"\" width=\"480\" height=\"275\" \/><\/a>\t\t\n\t\t<\/figure> \n\t\t\n\t<a href=\"https:\/\/dgtpcc.md\/?p=8351\" title=\"ANUN\u021a! Ocuparea func\u021biei publice vacante de specialist principal din cadrul Direc\u021biei economico-financiar\u0103\" class=\"post-date\">9 noiembrie 2022<\/a>\t\t\t\t\n\n\t<div class=\"entry-content text\">\n\n\t\t<!-- blog headline-->\n\t\t<h6 class=\"entry-title\"><a href=\"https:\/\/dgtpcc.md\/?p=8351\" rel=\"bookmark\">ANUN\u021a! Ocuparea func\u021biei publice vacante de specialist principal din cadrul Direc\u021biei economico-financiar\u0103<\/a><\/h6> \n\n\t\t\n\t\t<p>Direc\u021bia general\u0103 transport public si c\u0103i de comunica\u021bie anun\u021b\u0103 candidatul carea promovat proba scri...<\/p>\t<\/div> \n\n\t<div class=\"entry-footer\">\n\n\t\t<a href=\"https:\/\/dgtpcc.md\/?p=8351\" class=\"read_more\">Continue reading<\/a>\n\t<\/div>\n\n<!-- \/ blog box-->\n<\/div><\/article>\n<article id=\"8246\" class=\"col col-sm-4 post-8246 post type-post status-publish format-standard has-post-thumbnail hentry category-angajari\"><div class=\"post-content-wrapper boxed\">\n \n\n<!-- blog box-->\n\t\t\t\t<figure class=\"featured_image featured_media\">\n\t\t\t<a href=\"https:\/\/dgtpcc.md\/?p=8246\" title=\"ANUN\u021a! Cu privire la ocuparea func\u021biei publice vacante de specialist superior al Direc\u021biei lucr\u0103ri edilitare\" class=\"imgeffect link featured_image\"><img fetchpriority=\"high\" decoding=\"async\" src=\"https:\/\/dgtpcc.md\/wp-content\/uploads\/2022\/12\/ANUNT-1_1-480x275.jpg\" alt=\"\" class=\"\" width=\"480\" height=\"275\" \/><\/a>\t\t\n\t\t<\/figure> \n\t\t\n\t<a href=\"https:\/\/dgtpcc.md\/?p=8246\" title=\"ANUN\u021a! Cu privire la ocuparea func\u021biei publice vacante de specialist superior al Direc\u021biei lucr\u0103ri edilitare\" class=\"post-date\">10 octombrie 2022<\/a>\t\t\t\t\n\n\t<div class=\"entry-content text\">\n\n\t\t<!-- blog headline-->\n\t\t<h6 class=\"entry-title\"><a href=\"https:\/\/dgtpcc.md\/?p=8246\" rel=\"bookmark\">ANUN\u021a! Cu privire la ocuparea func\u021biei publice vacante de specialist superior al Direc\u021biei lucr\u0103ri edilitare<\/a><\/h6> \n\n\t\t\n\t\t<p><\/p>\t<\/div> \n\n\t<div class=\"entry-footer\">\n\n\t\t<a href=\"https:\/\/dgtpcc.md\/?p=8246\" class=\"read_more\">Continue reading<\/a>\n\t<\/div>\n\n<!-- \/ blog box-->\n<\/div><\/article>\n<article id=\"8243\" class=\"col col-sm-4 post-8243 post type-post status-publish format-standard has-post-thumbnail hentry category-angajari tag-angajari tag-functii-vacante\"><div class=\"post-content-wrapper boxed\">\n \n\n<!-- blog box-->\n\t\t\t\t<figure class=\"featured_image featured_media\">\n\t\t\t<a href=\"https:\/\/dgtpcc.md\/?p=8243\" title=\"ANUN\u021a! Cu privire la desf\u0103\u0219urarea concursului pentru ocuparea func\u021biei publice vacante de specialist principal, Direc\u021bia economico-financiar\u0103\" class=\"imgeffect link featured_image\"><img fetchpriority=\"high\" decoding=\"async\" src=\"https:\/\/dgtpcc.md\/wp-content\/uploads\/2022\/12\/ANUNT-1_1-480x275.jpg\" alt=\"\" class=\"\" width=\"480\" height=\"275\" \/><\/a>\t\t\n\t\t<\/figure> \n\t\t\n\t<a href=\"https:\/\/dgtpcc.md\/?p=8243\" title=\"ANUN\u021a! Cu privire la desf\u0103\u0219urarea concursului pentru ocuparea func\u021biei publice vacante de specialist principal, Direc\u021bia economico-financiar\u0103\" class=\"post-date\">10 octombrie 2022<\/a>\t\t\t\t\n\n\t<div class=\"entry-content text\">\n\n\t\t<!-- blog headline-->\n\t\t<h6 class=\"entry-title\"><a href=\"https:\/\/dgtpcc.md\/?p=8243\" rel=\"bookmark\">ANUN\u021a! Cu privire la desf\u0103\u0219urarea concursului pentru ocuparea func\u021biei publice vacante de specialist principal, Direc\u021bia economico-financiar\u0103<\/a><\/h6> \n\n\t\t\n\t\t<p><\/p>\t<\/div> \n\n\t<div class=\"entry-footer\">\n\n\t\t<a href=\"https:\/\/dgtpcc.md\/?p=8243\" class=\"read_more\">Continue reading<\/a>\n\t<\/div>\n\n<!-- \/ blog box-->\n<\/div><\/article>\n<\/div>\n<\/div>\n<div class=\"paging_wrapper margin-t30 margin-b30\"><ul class='page-numbers'>\n\t<li><span aria-current=\"page\" class=\"page-numbers current\">1<\/span><\/li>\n\t<li><a class=\"page-numbers\" href=\"https:\/\/dgtpcc.md\/index.php\/?paged=2&#038;rest_route=%2Fwp%2Fv2%2Fpages%2F6286\">2<\/a><\/li>\n\t<li><a class=\"page-numbers\" href=\"https:\/\/dgtpcc.md\/index.php\/?paged=3&#038;rest_route=%2Fwp%2Fv2%2Fpages%2F6286\">3<\/a><\/li>\n\t<li><span class=\"page-numbers dots\">&hellip;<\/span><\/li>\n\t<li><a class=\"page-numbers\" href=\"https:\/\/dgtpcc.md\/index.php\/?paged=6&#038;rest_route=%2Fwp%2Fv2%2Fpages%2F6286\">6<\/a><\/li>\n\t<li><a class=\"next page-numbers\" href=\"https:\/\/dgtpcc.md\/index.php\/?paged=2&#038;rest_route=%2Fwp%2Fv2%2Fpages%2F6286\"><span class=\"ui-icon-angle-right\"><\/span><\/a><\/li>\n<\/ul>\n<\/div>\t\t\t\t<\/div>\n\t\t\t\t<\/div>\n\t\t\t\t\t<\/div>\n\t\t<\/div>\n\t\t\t\t\t<\/div>\n\t\t<\/section>\n\t\t\t\t<\/div>\n\t\t","protected":false},"excerpt":{"rendered":"<p>6 ianuarie 2021 Anun\u021b privind desf\u0103\u0219urarea interviului pentru func\u021bia vacant\u0103 de specialist principal SIP Continue reading 3 decembrie 2020 Anun\u021b privind desf\u0103\u0219urarea concursurilor pentru func\u021bia de specialist principal (jurist) Continue reading 3 decembrie 2020 Anun\u021b privind desf\u0103\u0219urarea concursurilor pentru func\u021biei de specialist principal\ufffc Continue reading 12 noiembrie 2020 Anun\u021b! Candida\u021bii admi\u0219i la concurs Continue reading [&hellip;]<\/p>\n","protected":false},"author":1,"featured_media":0,"parent":0,"menu_order":0,"comment_status":"closed","ping_status":"closed","template":"","meta":{"footnotes":""},"class_list":["post-6286","page","type-page","status-publish","hentry"],"yoast_head":"<!-- This site is optimized with the Yoast SEO plugin v27.5 - https:\/\/yoast.com\/product\/yoast-seo-wordpress\/ -->\n<title>Angaj\u0103ri - dgtpcc.md<\/title>\n<meta name=\"robots\" content=\"index, follow, max-snippet:-1, max-image-preview:large, max-video-preview:-1\" \/>\n<link rel=\"canonical\" href=\"https:\/\/dgtpcc.md\/?page_id=6286\" \/>\n<meta property=\"og:locale\" content=\"ro_RO\" \/>\n<meta property=\"og:type\" content=\"article\" \/>\n<meta property=\"og:title\" content=\"Angaj\u0103ri - dgtpcc.md\" \/>\n<meta property=\"og:description\" content=\"6 ianuarie 2021 Anun\u021b privind desf\u0103\u0219urarea interviului pentru func\u021bia vacant\u0103 de specialist principal SIP Continue reading 3 decembrie 2020 Anun\u021b privind desf\u0103\u0219urarea concursurilor pentru func\u021bia de specialist principal (jurist) Continue reading 3 decembrie 2020 Anun\u021b privind desf\u0103\u0219urarea concursurilor pentru func\u021biei de specialist principal\ufffc Continue reading 12 noiembrie 2020 Anun\u021b! Candida\u021bii admi\u0219i la concurs Continue reading [&hellip;]\" \/>\n<meta property=\"og:url\" content=\"https:\/\/dgtpcc.md\/?page_id=6286\" \/>\n<meta property=\"og:site_name\" content=\"dgtpcc.md\" \/>\n<meta property=\"article:publisher\" content=\"https:\/\/www.facebook.com\/DGTPCC\" \/>\n<meta property=\"article:modified_time\" content=\"2022-03-17T10:26:13+00:00\" \/>\n<meta property=\"og:image\" content=\"https:\/\/mobilitatechisinau.md\/wp-content\/uploads\/2022\/03\/ANUNT-480x275.jpg\" \/>\n<meta name=\"twitter:card\" content=\"summary_large_image\" \/>\n<script type=\"application\/ld+json\" class=\"yoast-schema-graph\">{\"@context\":\"https:\\\/\\\/schema.org\",\"@graph\":[{\"@type\":\"WebPage\",\"@id\":\"https:\\\/\\\/dgtpcc.md\\\/?page_id=6286\",\"url\":\"https:\\\/\\\/dgtpcc.md\\\/?page_id=6286\",\"name\":\"Angaj\u0103ri - dgtpcc.md\",\"isPartOf\":{\"@id\":\"https:\\\/\\\/dgtpcc.md\\\/#website\"},\"primaryImageOfPage\":{\"@id\":\"https:\\\/\\\/dgtpcc.md\\\/?page_id=6286#primaryimage\"},\"image\":{\"@id\":\"https:\\\/\\\/dgtpcc.md\\\/?page_id=6286#primaryimage\"},\"thumbnailUrl\":\"https:\\\/\\\/mobilitatechisinau.md\\\/wp-content\\\/uploads\\\/2022\\\/03\\\/ANUNT-480x275.jpg\",\"datePublished\":\"2022-03-17T10:24:33+00:00\",\"dateModified\":\"2022-03-17T10:26:13+00:00\",\"breadcrumb\":{\"@id\":\"https:\\\/\\\/dgtpcc.md\\\/?page_id=6286#breadcrumb\"},\"inLanguage\":\"ro-RO\",\"potentialAction\":[{\"@type\":\"ReadAction\",\"target\":[\"https:\\\/\\\/dgtpcc.md\\\/?page_id=6286\"]}]},{\"@type\":\"ImageObject\",\"inLanguage\":\"ro-RO\",\"@id\":\"https:\\\/\\\/dgtpcc.md\\\/?page_id=6286#primaryimage\",\"url\":\"https:\\\/\\\/mobilitatechisinau.md\\\/wp-content\\\/uploads\\\/2022\\\/03\\\/ANUNT-480x275.jpg\",\"contentUrl\":\"https:\\\/\\\/mobilitatechisinau.md\\\/wp-content\\\/uploads\\\/2022\\\/03\\\/ANUNT-480x275.jpg\"},{\"@type\":\"BreadcrumbList\",\"@id\":\"https:\\\/\\\/dgtpcc.md\\\/?page_id=6286#breadcrumb\",\"itemListElement\":[{\"@type\":\"ListItem\",\"position\":1,\"name\":\"Prima pagin\u0103\",\"item\":\"https:\\\/\\\/dgtpcc.md\\\/\"},{\"@type\":\"ListItem\",\"position\":2,\"name\":\"Angaj\u0103ri\"}]},{\"@type\":\"WebSite\",\"@id\":\"https:\\\/\\\/dgtpcc.md\\\/#website\",\"url\":\"https:\\\/\\\/dgtpcc.md\\\/\",\"name\":\"dgtpcc.md\",\"description\":\"Direc\u0163ia general\u0103 transport public \u015fi c\u0103i de comunica\u0163ie\",\"publisher\":{\"@id\":\"https:\\\/\\\/dgtpcc.md\\\/#organization\"},\"potentialAction\":[{\"@type\":\"SearchAction\",\"target\":{\"@type\":\"EntryPoint\",\"urlTemplate\":\"https:\\\/\\\/dgtpcc.md\\\/?s={search_term_string}\"},\"query-input\":{\"@type\":\"PropertyValueSpecification\",\"valueRequired\":true,\"valueName\":\"search_term_string\"}}],\"inLanguage\":\"ro-RO\"},{\"@type\":\"Organization\",\"@id\":\"https:\\\/\\\/dgtpcc.md\\\/#organization\",\"name\":\"Direc\u0163ia general\u0103 transport public \u015fi c\u0103i de comunica\u0163ie\",\"url\":\"https:\\\/\\\/dgtpcc.md\\\/\",\"logo\":{\"@type\":\"ImageObject\",\"inLanguage\":\"ro-RO\",\"@id\":\"https:\\\/\\\/dgtpcc.md\\\/#\\\/schema\\\/logo\\\/image\\\/\",\"url\":\"https:\\\/\\\/dgtpcc.md\\\/wp-content\\\/uploads\\\/2022\\\/05\\\/DGTPCC-Chis\u0326ina\u0306u-new.jpg\",\"contentUrl\":\"https:\\\/\\\/dgtpcc.md\\\/wp-content\\\/uploads\\\/2022\\\/05\\\/DGTPCC-Chis\u0326ina\u0306u-new.jpg\",\"width\":304,\"height\":80,\"caption\":\"Direc\u0163ia general\u0103 transport public \u015fi c\u0103i de comunica\u0163ie\"},\"image\":{\"@id\":\"https:\\\/\\\/dgtpcc.md\\\/#\\\/schema\\\/logo\\\/image\\\/\"},\"sameAs\":[\"https:\\\/\\\/www.facebook.com\\\/DGTPCC\"]}]}<\/script>\n<!-- \/ Yoast SEO plugin. -->","yoast_head_json":{"title":"Angaj\u0103ri - dgtpcc.md","robots":{"index":"index","follow":"follow","max-snippet":"max-snippet:-1","max-image-preview":"max-image-preview:large","max-video-preview":"max-video-preview:-1"},"canonical":"https:\/\/dgtpcc.md\/?page_id=6286","og_locale":"ro_RO","og_type":"article","og_title":"Angaj\u0103ri - dgtpcc.md","og_description":"6 ianuarie 2021 Anun\u021b privind desf\u0103\u0219urarea interviului pentru func\u021bia vacant\u0103 de specialist principal SIP Continue reading 3 decembrie 2020 Anun\u021b privind desf\u0103\u0219urarea concursurilor pentru func\u021bia de specialist principal (jurist) Continue reading 3 decembrie 2020 Anun\u021b privind desf\u0103\u0219urarea concursurilor pentru func\u021biei de specialist principal\ufffc Continue reading 12 noiembrie 2020 Anun\u021b! Candida\u021bii admi\u0219i la concurs Continue reading [&hellip;]","og_url":"https:\/\/dgtpcc.md\/?page_id=6286","og_site_name":"dgtpcc.md","article_publisher":"https:\/\/www.facebook.com\/DGTPCC","article_modified_time":"2022-03-17T10:26:13+00:00","og_image":[{"url":"https:\/\/mobilitatechisinau.md\/wp-content\/uploads\/2022\/03\/ANUNT-480x275.jpg","type":"","width":"","height":""}],"twitter_card":"summary_large_image","schema":{"@context":"https:\/\/schema.org","@graph":[{"@type":"WebPage","@id":"https:\/\/dgtpcc.md\/?page_id=6286","url":"https:\/\/dgtpcc.md\/?page_id=6286","name":"Angaj\u0103ri - dgtpcc.md","isPartOf":{"@id":"https:\/\/dgtpcc.md\/#website"},"primaryImageOfPage":{"@id":"https:\/\/dgtpcc.md\/?page_id=6286#primaryimage"},"image":{"@id":"https:\/\/dgtpcc.md\/?page_id=6286#primaryimage"},"thumbnailUrl":"https:\/\/mobilitatechisinau.md\/wp-content\/uploads\/2022\/03\/ANUNT-480x275.jpg","datePublished":"2022-03-17T10:24:33+00:00","dateModified":"2022-03-17T10:26:13+00:00","breadcrumb":{"@id":"https:\/\/dgtpcc.md\/?page_id=6286#breadcrumb"},"inLanguage":"ro-RO","potentialAction":[{"@type":"ReadAction","target":["https:\/\/dgtpcc.md\/?page_id=6286"]}]},{"@type":"ImageObject","inLanguage":"ro-RO","@id":"https:\/\/dgtpcc.md\/?page_id=6286#primaryimage","url":"https:\/\/mobilitatechisinau.md\/wp-content\/uploads\/2022\/03\/ANUNT-480x275.jpg","contentUrl":"https:\/\/mobilitatechisinau.md\/wp-content\/uploads\/2022\/03\/ANUNT-480x275.jpg"},{"@type":"BreadcrumbList","@id":"https:\/\/dgtpcc.md\/?page_id=6286#breadcrumb","itemListElement":[{"@type":"ListItem","position":1,"name":"Prima pagin\u0103","item":"https:\/\/dgtpcc.md\/"},{"@type":"ListItem","position":2,"name":"Angaj\u0103ri"}]},{"@type":"WebSite","@id":"https:\/\/dgtpcc.md\/#website","url":"https:\/\/dgtpcc.md\/","name":"dgtpcc.md","description":"Direc\u0163ia general\u0103 transport public \u015fi c\u0103i de comunica\u0163ie","publisher":{"@id":"https:\/\/dgtpcc.md\/#organization"},"potentialAction":[{"@type":"SearchAction","target":{"@type":"EntryPoint","urlTemplate":"https:\/\/dgtpcc.md\/?s={search_term_string}"},"query-input":{"@type":"PropertyValueSpecification","valueRequired":true,"valueName":"search_term_string"}}],"inLanguage":"ro-RO"},{"@type":"Organization","@id":"https:\/\/dgtpcc.md\/#organization","name":"Direc\u0163ia general\u0103 transport public \u015fi c\u0103i de comunica\u0163ie","url":"https:\/\/dgtpcc.md\/","logo":{"@type":"ImageObject","inLanguage":"ro-RO","@id":"https:\/\/dgtpcc.md\/#\/schema\/logo\/image\/","url":"https:\/\/dgtpcc.md\/wp-content\/uploads\/2022\/05\/DGTPCC-Chis\u0326ina\u0306u-new.jpg","contentUrl":"https:\/\/dgtpcc.md\/wp-content\/uploads\/2022\/05\/DGTPCC-Chis\u0326ina\u0306u-new.jpg","width":304,"height":80,"caption":"Direc\u0163ia general\u0103 transport public \u015fi c\u0103i de comunica\u0163ie"},"image":{"@id":"https:\/\/dgtpcc.md\/#\/schema\/logo\/image\/"},"sameAs":["https:\/\/www.facebook.com\/DGTPCC"]}]}},"_links":{"self":[{"href":"https:\/\/dgtpcc.md\/index.php?rest_route=\/wp\/v2\/pages\/6286","targetHints":{"allow":["GET"]}}],"collection":[{"href":"https:\/\/dgtpcc.md\/index.php?rest_route=\/wp\/v2\/pages"}],"about":[{"href":"https:\/\/dgtpcc.md\/index.php?rest_route=\/wp\/v2\/types\/page"}],"author":[{"embeddable":true,"href":"https:\/\/dgtpcc.md\/index.php?rest_route=\/wp\/v2\/users\/1"}],"replies":[{"embeddable":true,"href":"https:\/\/dgtpcc.md\/index.php?rest_route=%2Fwp%2Fv2%2Fcomments&post=6286"}],"version-history":[{"count":4,"href":"https:\/\/dgtpcc.md\/index.php?rest_route=\/wp\/v2\/pages\/6286\/revisions"}],"predecessor-version":[{"id":6290,"href":"https:\/\/dgtpcc.md\/index.php?rest_route=\/wp\/v2\/pages\/6286\/revisions\/6290"}],"wp:attachment":[{"href":"https:\/\/dgtpcc.md\/index.php?rest_route=%2Fwp%2Fv2%2Fmedia&parent=6286"}],"curies":[{"name":"wp","href":"https:\/\/api.w.org\/{rel}","templated":true}]}}